{"id":1833,"date":"2025-03-18T13:16:27","date_gmt":"2025-03-18T13:16:27","guid":{"rendered":"http:\/\/adamspolishes.pl\/?page_id=1833"},"modified":"2025-03-18T13:22:23","modified_gmt":"2025-03-18T13:22:23","slug":"promocje","status":"publish","type":"page","link":"https:\/\/adamspolishes.pl\/cs\/promocje\/","title":{"rendered":"Akce"},"content":{"rendered":"<div data-elementor-type=\"wp-page\" data-elementor-id=\"1833\" class=\"elementor elementor-1833\" data-elementor-post-type=\"page\">\n\t\t\t\t<div class=\"elementor-element elementor-element-a5c90e8 e-flex e-con-boxed e-con e-parent\" data-id=\"a5c90e8\" data-element_type=\"container\" data-settings=\"{&quot;jet_parallax_layout_list&quot;:[]}\">\n\t\t\t\t\t<div class=\"e-con-inner\">\n\t\t<div class=\"elementor-element elementor-element-6e4a064 e-con-full e-flex e-con e-child\" data-id=\"6e4a064\" data-element_type=\"container\" data-settings=\"{&quot;jet_parallax_layout_list&quot;:[]}\">\n\t\t\t\t<div class=\"elementor-element elementor-element-3bd5d6f elementor-widget elementor-widget-heading\" data-id=\"3bd5d6f\" data-element_type=\"widget\" data-widget_type=\"heading.default\">\n\t\t\t\t<div class=\"elementor-widget-container\">\n\t\t\t\t\t<h2 class=\"elementor-heading-title elementor-size-default\">Akce<\/h2>\t\t\t\t<\/div>\n\t\t\t\t<\/div>\n\t\t<div class=\"elementor-element elementor-element-90ceb1c e-con-full e-flex e-con e-child\" data-id=\"90ceb1c\" data-element_type=\"container\" data-settings=\"{&quot;jet_parallax_layout_list&quot;:[]}\">\n\t\t\t\t<div class=\"elementor-element elementor-element-8696825 elementor-widget elementor-widget-jet-breadcrumbs\" data-id=\"8696825\" data-element_type=\"widget\" data-widget_type=\"jet-breadcrumbs.default\">\n\t\t\t\t<div class=\"elementor-widget-container\">\n\t\t\t\t\t<div class=\"elementor-jet-breadcrumbs jet-blocks\">\n\t\t<div class=\"jet-breadcrumbs\">\n\t\t<div class=\"jet-breadcrumbs__content\">\n\t\t<div class=\"jet-breadcrumbs__wrap\"><div class=\"jet-breadcrumbs__item\"><a href=\"https:\/\/adamspolishes.pl\/cs\/\" class=\"jet-breadcrumbs__item-link is-home\" rel=\"home\" title=\"Home\">Home<\/a><\/div>\n\t\t<\/div>\n\t\t<\/div>\n\t\t<\/div><\/div>\t\t\t\t<\/div>\n\t\t\t\t<\/div>\n\t\t\t\t<div class=\"elementor-element elementor-element-a9a7fb7 elementor-widget elementor-widget-jet-smart-filters-sorting\" data-id=\"a9a7fb7\" data-element_type=\"widget\" data-widget_type=\"jet-smart-filters-sorting.default\">\n\t\t\t\t<div class=\"elementor-widget-container\">\n\t\t\t\t\t<div class=\"jet-smart-filters-sorting jet-filter\"><div class=\"jet-sorting jet-sorting--flex-column\"  data-smart-filter=\"sorting\" data-query-type=\"sort\" data-query-var=\"standard\" data-content-provider=\"jet-engine\" data-query-id=\"default\" data-apply-type=\"ajax\" data-apply-on=\"value\" data-additional-providers=\"\">\n\t\t<select\n\t\tclass=\"jet-sorting-select\"\n\t\tname=\"select-name\"\n\t\t\t\taria-label=\"Sort filter\"\n\t>\n\t\t\t\t\t<option value=\"\">Domy\u015blne<\/option>\n\t\t\t\t\t\t\t\t\t\t<option\n\t\t\t\tvalue=\"{&quot;orderby&quot;:&quot;price&quot;,&quot;order&quot;:&quot;ASC&quot;}\"\n\t\t\t\t\t\t\t>od najta\u0144szego<\/option>\n\t\t\t\t\t\t\t\t<option\n\t\t\t\tvalue=\"{&quot;orderby&quot;:&quot;price&quot;,&quot;order&quot;:&quot;ASC&quot;}\"\n\t\t\t\t\t\t\t>od najdro\u017cszego<\/option>\n\t\t\t\t\t\t\t\t<option\n\t\t\t\tvalue=\"{&quot;orderby&quot;:&quot;date&quot;,&quot;order&quot;:&quot;ASC&quot;}\"\n\t\t\t\t\t\t\t>By date from lowest to highest<\/option>\n\t\t\t\t\t\t\t\t<option\n\t\t\t\tvalue=\"{&quot;orderby&quot;:&quot;date&quot;,&quot;order&quot;:&quot;DESC&quot;}\"\n\t\t\t\t\t\t\t>By date from highest to lowest<\/option>\n\t\t\t<\/select>\n<\/div><\/div>\t\t\t\t<\/div>\n\t\t\t\t<\/div>\n\t\t\t\t<\/div>\n\t\t\t\t<\/div>\n\t\t\t\t\t<\/div>\n\t\t\t\t<\/div>\n\t\t<div class=\"elementor-element elementor-element-a7a7f11 e-flex e-con-boxed e-con e-parent\" data-id=\"a7a7f11\" data-element_type=\"container\" data-settings=\"{&quot;jet_parallax_layout_list&quot;:[]}\">\n\t\t\t\t\t<div class=\"e-con-inner\">\n\t\t\t\t<div class=\"elementor-element elementor-element-0a5c9a5 elementor-widget elementor-widget-jet-listing-grid\" data-id=\"0a5c9a5\" data-element_type=\"widget\" data-settings=\"{&quot;columns&quot;:&quot;4&quot;,&quot;columns_mobile&quot;:&quot;2&quot;}\" data-widget_type=\"jet-listing-grid.default\">\n\t\t\t\t<div class=\"elementor-widget-container\">\n\t\t\t\t\t<div class=\"jet-listing-grid jet-listing\"><div class=\"jet-listing-grid__items grid-col-desk-4 grid-col-tablet-4 grid-col-mobile-2 jet-listing-grid--148 jet-equal-columns__wrapper woocommerce grid-collapse-gap\" data-queried-id=\"1833|WP_Post\" data-nav=\"{&quot;enabled&quot;:false,&quot;type&quot;:null,&quot;more_el&quot;:null,&quot;query&quot;:[],&quot;widget_settings&quot;:{&quot;lisitng_id&quot;:148,&quot;posts_num&quot;:999,&quot;columns&quot;:4,&quot;columns_tablet&quot;:4,&quot;columns_mobile&quot;:2,&quot;column_min_width&quot;:240,&quot;column_min_width_tablet&quot;:240,&quot;column_min_width_mobile&quot;:240,&quot;inline_columns_css&quot;:false,&quot;is_archive_template&quot;:&quot;&quot;,&quot;post_status&quot;:[&quot;publish&quot;],&quot;use_random_posts_num&quot;:&quot;&quot;,&quot;max_posts_num&quot;:9,&quot;not_found_message&quot;:&quot;Aktualnie nie mamy szukanych produkt\\u00f3w.&quot;,&quot;is_masonry&quot;:false,&quot;equal_columns_height&quot;:&quot;yes&quot;,&quot;use_load_more&quot;:&quot;&quot;,&quot;load_more_id&quot;:&quot;&quot;,&quot;load_more_type&quot;:&quot;click&quot;,&quot;load_more_offset&quot;:{&quot;unit&quot;:&quot;px&quot;,&quot;size&quot;:0,&quot;sizes&quot;:[]},&quot;use_custom_post_types&quot;:&quot;&quot;,&quot;custom_post_types&quot;:[],&quot;hide_widget_if&quot;:&quot;&quot;,&quot;carousel_enabled&quot;:&quot;&quot;,&quot;slides_to_scroll&quot;:&quot;1&quot;,&quot;arrows&quot;:&quot;true&quot;,&quot;arrow_icon&quot;:&quot;fa fa-angle-left&quot;,&quot;dots&quot;:&quot;&quot;,&quot;autoplay&quot;:&quot;true&quot;,&quot;pause_on_hover&quot;:&quot;true&quot;,&quot;autoplay_speed&quot;:5000,&quot;infinite&quot;:&quot;true&quot;,&quot;center_mode&quot;:&quot;&quot;,&quot;effect&quot;:&quot;slide&quot;,&quot;speed&quot;:500,&quot;inject_alternative_items&quot;:&quot;&quot;,&quot;injection_items&quot;:[],&quot;scroll_slider_enabled&quot;:&quot;&quot;,&quot;scroll_slider_on&quot;:[&quot;desktop&quot;,&quot;tablet&quot;,&quot;mobile&quot;],&quot;custom_query&quot;:false,&quot;custom_query_id&quot;:&quot;1&quot;,&quot;_element_id&quot;:&quot;&quot;,&quot;collapse_first_last_gap&quot;:&quot;true&quot;,&quot;list_items_wrapper_tag&quot;:&quot;div&quot;,&quot;list_item_tag&quot;:&quot;div&quot;,&quot;empty_items_wrapper_tag&quot;:&quot;div&quot;}}\" data-page=\"1\" data-pages=\"1\" data-listing-source=\"posts\" data-listing-id=\"148\" data-query-id=\"\"><div class=\"jet-listing-grid__item jet-listing-dynamic-post-1623 jet-equal-columns jet-woo-thumb-with-effect\" data-post-id=\"1623\" >\t\t<div data-elementor-type=\"jet-listing-items\" data-elementor-id=\"148\" class=\"elementor elementor-148\" data-elementor-post-type=\"jet-engine\">\n\t\t\t\t<div class=\"elementor-element elementor-element-1243e64 e-flex e-con-boxed e-con e-parent\" data-id=\"1243e64\" data-element_type=\"container\" data-settings=\"{&quot;jet_parallax_layout_list&quot;:[{&quot;jet_parallax_layout_image&quot;:{&quot;url&quot;:&quot;&quot;,&quot;id&quot;:&quot;&quot;,&quot;size&quot;:&quot;&quot;},&quot;_id&quot;:&quot;940a002&quot;,&quot;jet_parallax_layout_speed&quot;:{&quot;unit&quot;:&quot;%&quot;,&quot;size&quot;:50,&quot;sizes&quot;:[]},&quot;jet_parallax_layout_image_tablet&quot;:{&quot;url&quot;:&quot;&quot;,&quot;id&quot;:&quot;&quot;,&quot;size&quot;:&quot;&quot;},&quot;jet_parallax_layout_image_mobile&quot;:{&quot;url&quot;:&quot;&quot;,&quot;id&quot;:&quot;&quot;,&quot;size&quot;:&quot;&quot;},&quot;jet_parallax_layout_type&quot;:&quot;scroll&quot;,&quot;jet_parallax_layout_direction&quot;:null,&quot;jet_parallax_layout_fx_direction&quot;:null,&quot;jet_parallax_layout_z_index&quot;:&quot;&quot;,&quot;jet_parallax_layout_bg_x&quot;:50,&quot;jet_parallax_layout_bg_x_tablet&quot;:&quot;&quot;,&quot;jet_parallax_layout_bg_x_mobile&quot;:&quot;&quot;,&quot;jet_parallax_layout_bg_y&quot;:50,&quot;jet_parallax_layout_bg_y_tablet&quot;:&quot;&quot;,&quot;jet_parallax_layout_bg_y_mobile&quot;:&quot;&quot;,&quot;jet_parallax_layout_bg_size&quot;:&quot;auto&quot;,&quot;jet_parallax_layout_bg_size_tablet&quot;:&quot;&quot;,&quot;jet_parallax_layout_bg_size_mobile&quot;:&quot;&quot;,&quot;jet_parallax_layout_animation_prop&quot;:&quot;transform&quot;,&quot;jet_parallax_layout_on&quot;:[&quot;desktop&quot;,&quot;tablet&quot;]}],&quot;background_background&quot;:&quot;classic&quot;}\">\n\t\t\t\t\t<div class=\"e-con-inner\">\n\t\t<div class=\"elementor-element elementor-element-3aa7f3c e-con-full e-flex e-con e-child\" data-id=\"3aa7f3c\" data-element_type=\"container\" data-settings=\"{&quot;background_background&quot;:&quot;classic&quot;,&quot;jet_parallax_layout_list&quot;:[]}\">\n\t\t\t\t<div class=\"elementor-element elementor-element-9d9245c elementor-widget elementor-widget-image\" data-id=\"9d9245c\" data-element_type=\"widget\" data-widget_type=\"image.default\">\n\t\t\t\t<div class=\"elementor-widget-container\">\n\t\t\t\t\t\t\t\t\t\t\t\t\t\t\t\t<a href=\"https:\/\/adamspolishes.pl\/cs\/p\/one-step-metal-polish-118-ml\/\">\n\t\t\t\t\t\t\t<img fetchpriority=\"high\" decoding=\"async\" width=\"768\" height=\"960\" src=\"https:\/\/adamspolishes.pl\/wp-content\/uploads\/2025\/03\/167-768x960.jpg\" class=\"attachment-medium_large size-medium_large wp-image-1260\" alt=\"\" srcset=\"https:\/\/adamspolishes.pl\/wp-content\/uploads\/2025\/03\/167-768x960.jpg 768w, https:\/\/adamspolishes.pl\/wp-content\/uploads\/2025\/03\/167-240x300.jpg 240w, https:\/\/adamspolishes.pl\/wp-content\/uploads\/2025\/03\/167-819x1024.jpg 819w, https:\/\/adamspolishes.pl\/wp-content\/uploads\/2025\/03\/167-1229x1536.jpg 1229w, https:\/\/adamspolishes.pl\/wp-content\/uploads\/2025\/03\/167-600x750.jpg 600w, https:\/\/adamspolishes.pl\/wp-content\/uploads\/2025\/03\/167.jpg 1600w\" sizes=\"(max-width: 768px) 100vw, 768px\" \/>\t\t\t\t\t\t\t\t<\/a>\n\t\t\t\t\t\t\t\t\t\t\t\t\t\t\t<\/div>\n\t\t\t\t<\/div>\n\t\t\t\t<div class=\"elementor-element elementor-element-83e962b elementor-widget__width-auto elementor-absolute jedv-enabled--yes elementor-widget elementor-widget-heading\" data-id=\"83e962b\" data-element_type=\"widget\" data-settings=\"{&quot;_position&quot;:&quot;absolute&quot;}\" data-widget_type=\"heading.default\">\n\t\t\t\t<div class=\"elementor-widget-container\">\n\t\t\t\t\t<h2 class=\"elementor-heading-title elementor-size-default\">Promocja!<\/h2>\t\t\t\t<\/div>\n\t\t\t\t<\/div>\n\t\t\t\t<div class=\"elementor-element elementor-element-9776dd1 elementor-widget elementor-widget-jet-woo-builder-archive-cats\" data-id=\"9776dd1\" data-element_type=\"widget\" data-widget_type=\"jet-woo-builder-archive-cats.default\">\n\t\t\t\t<div class=\"elementor-widget-container\">\n\t\t\t\t\t<div class=\"elementor-jet-woo-builder-archive-cats jet-woo-builder\"><div class=\"jet-woo-builder-archive-cats\"><ul><li><a href=\"https:\/\/adamspolishes.pl\/cs\/c\/wszystkie-produkty\/polerskie\/\" rel=\"tag\">Le\u0161t\u011bn\u00ed<\/a><span class=\"separator\">&#44;&nbsp;<\/span><\/li><li><a href=\"https:\/\/adamspolishes.pl\/cs\/c\/wszystkie-produkty\/\" rel=\"tag\">Wszystkie produkty<\/a><\/li><\/ul><\/div><\/div>\t\t\t\t<\/div>\n\t\t\t\t<\/div>\n\t\t<div class=\"elementor-element elementor-element-cbcc9fa e-con-full e-flex e-con e-child\" data-id=\"cbcc9fa\" data-element_type=\"container\" data-settings=\"{&quot;jet_parallax_layout_list&quot;:[]}\">\n\t\t\t\t<div class=\"elementor-element elementor-element-a2e8316 elementor-widget elementor-widget-jet-woo-builder-archive-product-title\" data-id=\"a2e8316\" data-element_type=\"widget\" data-widget_type=\"jet-woo-builder-archive-product-title.default\">\n\t\t\t\t<div class=\"elementor-widget-container\">\n\t\t\t\t\t<h5 class=\"jet-woo-builder-archive-product-title\" ><a href=\"https:\/\/adamspolishes.pl\/cs\/p\/one-step-metal-polish-118-ml\/\" >Adam&#8217;s One Step Metal Polish 118 ml<\/a><\/h5>\t\t\t\t<\/div>\n\t\t\t\t<\/div>\n\t\t\t\t<\/div>\n\t\t\t\t<div class=\"elementor-element elementor-element-f902d5c jedv-enabled--yes elementor-widget elementor-widget-jet-woo-builder-archive-product-price\" data-id=\"f902d5c\" data-element_type=\"widget\" data-widget_type=\"jet-woo-builder-archive-product-price.default\">\n\t\t\t\t<div class=\"elementor-widget-container\">\n\t\t\t\t\t<div class=\"jet-woo-builder-archive-product-price\"><div class=\"jet-woo-product-price\"><del aria-hidden=\"true\"><span class=\"woocommerce-Price-amount amount\"><bdi>56,00&nbsp;<span class=\"woocommerce-Price-currencySymbol\">&#122;&#322;<\/span><\/bdi><\/span><\/del> <span class=\"screen-reader-text\" data-no-translation=\"\" data-trp-gettext=\"\">Original price was: 56,00&nbsp;&#122;&#322;.<\/span><ins aria-hidden=\"true\"><span class=\"woocommerce-Price-amount amount\"><bdi>49,00&nbsp;<span class=\"woocommerce-Price-currencySymbol\">&#122;&#322;<\/span><\/bdi><\/span><\/ins><span class=\"screen-reader-text\" data-no-translation=\"\" data-trp-gettext=\"\">Current price is: 49,00&nbsp;&#122;&#322;.<\/span><\/div><\/div>\t\t\t\t<\/div>\n\t\t\t\t<\/div>\n\t\t\t\t<div class=\"elementor-element elementor-element-3535246 elementor-widget elementor-widget-jet-woo-builder-archive-add-to-cart\" data-id=\"3535246\" data-element_type=\"widget\" data-widget_type=\"jet-woo-builder-archive-add-to-cart.default\">\n\t\t\t\t<div class=\"elementor-widget-container\">\n\t\t\t\t\t<div class=\"elementor-jet-woo-builder-archive-add-to-cart jet-woo-builder\"><div class=\"jet-woo-builder-archive-add-to-cart\"><a href=\"?add-to-cart=1623\" aria-describedby=\"woocommerce_loop_add_to_cart_link_describedby_1623\" data-quantity=\"1\" class=\"button product_type_simple add_to_cart_button ajax_add_to_cart\" data-product_id=\"1623\" data-product_sku=\"P-3016\" aria-label=\"Add to cart: \u201cAdam&#039;s One Step Metal Polish 118 ml\u201d\" rel=\"nofollow\" data-no-translation=\"\" data-trp-gettext=\"\" data-no-translation-aria-label=\"\">Add to cart<\/a>\t<span id=\"woocommerce_loop_add_to_cart_link_describedby_1623\" class=\"screen-reader-text\">\n\t\t\t<\/span>\n<\/div><\/div>\t\t\t\t<\/div>\n\t\t\t\t<\/div>\n\t\t\t\t<\/div>\n\t\t\t\t\t<\/div>\n\t\t\t\t<\/div>\n\t\t\t\t<\/div>\n\t\t<\/div><\/div><\/div>\t\t\t\t<\/div>\n\t\t\t\t<\/div>\n\t\t\t\t<div class=\"elementor-element elementor-element-d9d0e6e elementor-widget elementor-widget-jet-smart-filters-pagination\" data-id=\"d9d0e6e\" data-element_type=\"widget\" data-widget_type=\"jet-smart-filters-pagination.default\">\n\t\t\t\t<div class=\"elementor-widget-container\">\n\t\t\t\t\t<div\n\t\t\t\tclass=\"jet-smart-filters-pagination jet-filter\"\n\t\t\t\tdata-apply-provider=\"jet-engine\"\n\t\t\t\tdata-content-provider=\"jet-engine\"\n\t\t\t\tdata-query-id=\"default\"\n\t\t\t\tdata-controls=\"{&quot;items_enabled&quot;:true,&quot;pages_mid_size&quot;:0,&quot;pages_end_size&quot;:0,&quot;nav_enabled&quot;:true,&quot;prev&quot;:&quot;Poprzednia&quot;,&quot;next&quot;:&quot;Nast\\u0119pna&quot;,&quot;hide_inactive_nav&quot;:true,&quot;load_more_enabled&quot;:false,&quot;provider_top_offset&quot;:0}\"\n\t\t\t\tdata-apply-type=\"ajax\"\n\t\t\t><\/div>\t\t\t\t<\/div>\n\t\t\t\t<\/div>\n\t\t\t\t\t<\/div>\n\t\t\t\t<\/div>\n\t\t\t\t<\/div>","protected":false},"excerpt":{"rendered":"<p>Promocje Home Domy\u015blneod najta\u0144szegood najdro\u017cszegoBy date from lowest to highestBy date from highest to lowest Promocja! %%jet-woo-builder-archive-cats::count=&#8221;0&#8243;%% %%jet-woo-builder-archive-product-title::enable_permalink=&#8221;1&#8243;::&#038;&#038;open_new_tab=&#8221;&#8221;::&#038;&#038;html_tag=&#8221;h5&#8243;::&#038;&#038;trim_type=&#8221;word&#8221;::&#038;&#038;title_length=&#8221;-1&#8243;::&#038;&#038;title_tooltip=&#8221;&#8221;%% %%jet-woo-builder-archive-product-price%% %%jet-woo-builder-archive-add-to-cart::quantity=&#8221;&#8221;%%<\/p>","protected":false},"author":1,"featured_media":0,"parent":0,"menu_order":0,"comment_status":"closed","ping_status":"closed","template":"","meta":{"footnotes":""},"class_list":["post-1833","page","type-page","status-publish","hentry"],"jetpack_sharing_enabled":true,"_links":{"self":[{"href":"https:\/\/adamspolishes.pl\/cs\/wp-json\/wp\/v2\/pages\/1833","targetHints":{"allow":["GET"]}}],"collection":[{"href":"https:\/\/adamspolishes.pl\/cs\/wp-json\/wp\/v2\/pages"}],"about":[{"href":"https:\/\/adamspolishes.pl\/cs\/wp-json\/wp\/v2\/types\/page"}],"author":[{"embeddable":true,"href":"https:\/\/adamspolishes.pl\/cs\/wp-json\/wp\/v2\/users\/1"}],"replies":[{"embeddable":true,"href":"https:\/\/adamspolishes.pl\/cs\/wp-json\/wp\/v2\/comments?post=1833"}],"version-history":[{"count":0,"href":"https:\/\/adamspolishes.pl\/cs\/wp-json\/wp\/v2\/pages\/1833\/revisions"}],"wp:attachment":[{"href":"https:\/\/adamspolishes.pl\/cs\/wp-json\/wp\/v2\/media?parent=1833"}],"curies":[{"name":"wp","href":"https:\/\/api.w.org\/{rel}","templated":true}]}}