{"id":1623,"date":"2025-03-14T09:48:51","date_gmt":"2025-03-14T09:48:51","guid":{"rendered":"http:\/\/adamspolishes.pl\/?post_type=product&#038;p=1623"},"modified":"2025-08-07T10:08:11","modified_gmt":"2025-08-07T10:08:11","slug":"one-step-metal-polish-118-ml","status":"publish","type":"product","link":"https:\/\/adamspolishes.pl\/cs\/p\/one-step-metal-polish-118-ml\/","title":{"rendered":"Adam&#8217;s One Step Metal Polish 118 ml"},"content":{"rendered":"<p class=\"p1\"><span class=\"s1\"><b>Adam\u2019s One-Step Metal Polish<\/b><\/span> to rewolucyjna alternatywa dla naszych dwustopniowych past do metalu <span class=\"s1\"><b>Metal Polish #1<\/b><\/span> i <span class=\"s1\"><b>Metal Polish #2<\/b><\/span>, stworzona z my\u015bl\u0105 o po\u0142\u0105czeniu obu etap\u00f3w w jeden \u2013 aby zaoszcz\u0119dzi\u0107 czas i wysi\u0142ek!<\/p>\n<p class=\"p1\"><span class=\"s1\"><b>Adam\u2019s One-Step Metal Polish<\/b><\/span> szybko i skutecznie zapewnia ekstremalny po\u0142ysk przy minimalnym nak\u0142adzie pracy i tarcia.<\/p>\n<p class=\"p3\"><b>Cechy produktu:<\/b><b><\/b><\/p>\n<p class=\"p4\">\u2022 Poleruje aluminium, chrom, stal nierdzewn\u0105 oraz niepowlekane metale<\/p>\n<p class=\"p4\">\u2022 Specjalistyczne \u015bcierniwo do uzyskiwania wyj\u0105tkowo g\u0142adkich wyko\u0144cze\u0144<\/p>\n<p class=\"p4\">\u2022 Zaprojektowany z my\u015bl\u0105 o \u0142atwej aplikacji i trwa\u0142ym po\u0142ysku<\/p>\n<p class=\"p4\">\u2022 Formu\u0142a o wysokiej smarowno\u015bci z naturalnymi i syntetycznymi uszczelniaczami<\/p>\n<p>&nbsp;<\/p>\n<p><iframe title=\"Adam&#039;s Polishes One Step Metal Polish\" width=\"800\" height=\"450\" src=\"https:\/\/www.youtube.com\/embed\/YwuELQfy_p0?feature=oembed\" frameborder=\"0\" allow=\"accelerometer; autoplay; clipboard-write; encrypted-media; gyroscope; picture-in-picture; web-share\" referrerpolicy=\"strict-origin-when-cross-origin\" allowfullscreen><\/iframe><\/p>","protected":false},"excerpt":{"rendered":"<p>Adam\u2019s One-Step Metal Polish to rewolucyjna alternatywa dla naszych dwustopniowych past do metalu Metal Polish #1 i Metal Polish #2, stworzona z my\u015bl\u0105 o po\u0142\u0105czeniu obu etap\u00f3w w jeden \u2013 aby zaoszcz\u0119dzi\u0107 czas i wysi\u0142ek! Adam\u2019s One-Step Metal Polish szybko i skutecznie zapewnia ekstremalny po\u0142ysk przy minimalnym nak\u0142adzie pracy i tarcia. Cechy produktu: \u2022 Poleruje [&hellip;]<\/p>","protected":false},"featured_media":1260,"comment_status":"open","ping_status":"closed","template":"","meta":[],"product_brand":[],"product_cat":[43,40],"product_tag":[],"class_list":{"0":"post-1623","1":"product","2":"type-product","3":"status-publish","4":"has-post-thumbnail","6":"product_cat-polerskie","7":"product_cat-wszystkie-produkty","9":"first","10":"instock","11":"sale","12":"taxable","13":"shipping-taxable","14":"purchasable","15":"product-type-simple"},"bundled_by":[],"bundle_stock_status":"instock","bundle_stock_quantity":null,"bundle_virtual":false,"bundle_layout":"","bundle_add_to_cart_form_location":"","bundle_editable_in_cart":false,"bundle_sold_individually_context":"","bundle_item_grouping":"","bundle_min_size":"","bundle_max_size":"","bundle_price":[],"bundled_items":[],"bundle_sell_ids":[],"jetpack_sharing_enabled":true,"_links":{"self":[{"href":"https:\/\/adamspolishes.pl\/cs\/wp-json\/wp\/v2\/product\/1623","targetHints":{"allow":["GET"]}}],"collection":[{"href":"https:\/\/adamspolishes.pl\/cs\/wp-json\/wp\/v2\/product"}],"about":[{"href":"https:\/\/adamspolishes.pl\/cs\/wp-json\/wp\/v2\/types\/product"}],"replies":[{"embeddable":true,"href":"https:\/\/adamspolishes.pl\/cs\/wp-json\/wp\/v2\/comments?post=1623"}],"wp:featuredmedia":[{"embeddable":true,"href":"https:\/\/adamspolishes.pl\/cs\/wp-json\/wp\/v2\/media\/1260"}],"wp:attachment":[{"href":"https:\/\/adamspolishes.pl\/cs\/wp-json\/wp\/v2\/media?parent=1623"}],"wp:term":[{"taxonomy":"product_brand","embeddable":true,"href":"https:\/\/adamspolishes.pl\/cs\/wp-json\/wp\/v2\/product_brand?post=1623"},{"taxonomy":"product_cat","embeddable":true,"href":"https:\/\/adamspolishes.pl\/cs\/wp-json\/wp\/v2\/product_cat?post=1623"},{"taxonomy":"product_tag","embeddable":true,"href":"https:\/\/adamspolishes.pl\/cs\/wp-json\/wp\/v2\/product_tag?post=1623"}],"curies":[{"name":"wp","href":"https:\/\/api.w.org\/{rel}","templated":true}]}}