{"id":2500,"date":"2025-04-29T08:40:02","date_gmt":"2025-04-29T08:40:02","guid":{"rendered":"https:\/\/adamspolishes.pl\/?post_type=product&#038;p=2500"},"modified":"2026-04-15T13:06:17","modified_gmt":"2026-04-15T13:06:17","slug":"adams-graphene-boost-473-ml","status":"publish","type":"product","link":"https:\/\/adamspolishes.pl\/cs\/p\/adams-graphene-boost-473-ml\/","title":{"rendered":"Adam&#8217;s Graphene Boost\u2122  473 ml"},"content":{"rendered":"","protected":false},"excerpt":{"rendered":"<p class=\"p1\"><span class=\"s1\"><b>Graphene Boost\u2122<\/b><\/span> to nowoczesna wersja ekspresowej, wodnej ochrony, kt\u00f3ra mo\u017ce s\u0142u\u017cy\u0107 jako wzmocnienie istniej\u0105cej pow\u0142oki lub jako samodzielne zabezpieczenie.<\/p>\n<p class=\"p1\">To idealny produkt do nadania w\u0142a\u015bciwo\u015bci hydrofobowych Twojej obecnej pow\u0142oce i wyd\u0142u\u017cenia jej trwa\u0142o\u015bci.<\/p>\n<p class=\"p1\">Wystarczy spryska\u0107 i przetrze\u0107, aby uzyska\u0107 bezsmugowe, ol\u015bniewaj\u0105ce wyko\u0144czenie, zwi\u0119kszon\u0105 \u015blisko\u015b\u0107 oraz g\u0142\u0119bi\u0119 koloru, a tak\u017ce intensywne perlenie wody na ka\u017cdej zewn\u0119trznej powierzchni pojazdu \u2013 nawet przez 6\u20139 miesi\u0119cy!<\/p>\n<p class=\"p3\"><b>Cechy produktu:<\/b><b><\/b><\/p>\n<p class=\"p4\">\u2022 Zawiera grafenowe \u017cywice ceramiczne<\/p>\n<p class=\"p4\">\u2022 Zwi\u0119ksza po\u0142ysk, \u015blisko\u015b\u0107 i g\u0142\u0119bi\u0119 koloru<\/p>\n<p class=\"p4\">\u2022 Tworzy wysoce hydrofobow\u0105 powierzchni\u0119 \u2013 ochrona do 6\u20139 miesi\u0119cy<\/p>\n<p class=\"p4\">\u2022 \u0141atwa aplikacja, bez smug \u2013 bezpieczny dla wszystkich zewn\u0119trznych powierzchni<\/p>\n<p class=\"p4\">\u2022 Wyd\u0142u\u017ca trwa\u0142o\u015b\u0107 wosk\u00f3w, sealant\u00f3w i pow\u0142ok<\/p>\n<p class=\"p4\">\u2022 Zapach opuncji figowej (prickly pear)<\/p>\n<p>&nbsp;<\/p>","protected":false},"featured_media":2501,"comment_status":"open","ping_status":"closed","template":"","meta":[],"product_brand":[],"product_cat":[47,40,42],"product_tag":[],"class_list":{"0":"post-2500","1":"product","2":"type-product","3":"status-publish","4":"has-post-thumbnail","6":"product_cat-graphene","7":"product_cat-wszystkie-produkty","8":"product_cat-zewnetrzne","10":"first","11":"instock","12":"taxable","13":"shipping-taxable","14":"purchasable","15":"product-type-simple"},"bundled_by":[],"bundle_stock_status":"instock","bundle_stock_quantity":43,"bundle_virtual":false,"bundle_layout":"","bundle_add_to_cart_form_location":"","bundle_editable_in_cart":false,"bundle_sold_individually_context":"","bundle_item_grouping":"","bundle_min_size":"","bundle_max_size":"","bundle_price":[],"bundled_items":[],"bundle_sell_ids":[],"jetpack_sharing_enabled":true,"_links":{"self":[{"href":"https:\/\/adamspolishes.pl\/cs\/wp-json\/wp\/v2\/product\/2500","targetHints":{"allow":["GET"]}}],"collection":[{"href":"https:\/\/adamspolishes.pl\/cs\/wp-json\/wp\/v2\/product"}],"about":[{"href":"https:\/\/adamspolishes.pl\/cs\/wp-json\/wp\/v2\/types\/product"}],"replies":[{"embeddable":true,"href":"https:\/\/adamspolishes.pl\/cs\/wp-json\/wp\/v2\/comments?post=2500"}],"wp:featuredmedia":[{"embeddable":true,"href":"https:\/\/adamspolishes.pl\/cs\/wp-json\/wp\/v2\/media\/2501"}],"wp:attachment":[{"href":"https:\/\/adamspolishes.pl\/cs\/wp-json\/wp\/v2\/media?parent=2500"}],"wp:term":[{"taxonomy":"product_brand","embeddable":true,"href":"https:\/\/adamspolishes.pl\/cs\/wp-json\/wp\/v2\/product_brand?post=2500"},{"taxonomy":"product_cat","embeddable":true,"href":"https:\/\/adamspolishes.pl\/cs\/wp-json\/wp\/v2\/product_cat?post=2500"},{"taxonomy":"product_tag","embeddable":true,"href":"https:\/\/adamspolishes.pl\/cs\/wp-json\/wp\/v2\/product_tag?post=2500"}],"curies":[{"name":"wp","href":"https:\/\/api.w.org\/{rel}","templated":true}]}}