{"id":2684,"date":"2025-08-07T07:38:44","date_gmt":"2025-08-07T07:38:44","guid":{"rendered":"https:\/\/adamspolishes.pl\/?post_type=product&#038;p=2684"},"modified":"2025-12-11T18:47:29","modified_gmt":"2025-12-11T18:47:29","slug":"adams-tire-rubber-cleaner-473-ml","status":"publish","type":"product","link":"https:\/\/adamspolishes.pl\/cs\/p\/adams-tire-rubber-cleaner-473-ml\/","title":{"rendered":"Adam&#8217;s Tire &amp; Rubber Cleaner 473 ml"},"content":{"rendered":"<h3><\/h3>\n<p class=\"p3\"><b>Adam&#8217;s Tire &amp; Rubber Cleaner skuteczny \u015brodek do czyszczenia opon i element\u00f3w gumowych<\/b><b><\/b><\/p>\n<p class=\"p4\">Profesjonalny preparat do usuwania przebarwie\u0144, utlenie\u0144 oraz resztek \u015brodk\u00f3w konserwuj\u0105cych z opon i plastik\u00f3w. \u0141\u0105czy moc odt\u0142uszczacza przemys\u0142owego z cytrusow\u0105 formu\u0142\u0105 bezpieczn\u0105 dla u\u017cytkownika. Pozostawia ciemny, r\u00f3wnomierny kolor bez smug i osad\u00f3w.<\/p>\n<p><strong>Cechy produktu<\/strong><\/p>\n<p>&nbsp;<\/p>\n<ul>\n<li>\n<p class=\"p1\">Przywraca g\u0142\u0119boki, naturalny kolor gumie i plastikom<\/p>\n<\/li>\n<li>\n<p class=\"p1\">Pozostawia ciemny, g\u0142\u0119boki kolor<\/p>\n<\/li>\n<li>\n<p class=\"p1\">Idealny do opon i zewn\u0119trznych element\u00f3w wyko\u0144czenia<\/p>\n<\/li>\n<li>\n<p class=\"p1\">Bursztynowy kolor, zapach cytrusowy<\/p>\n<\/li>\n<li>\n<p class=\"p1\">Wyprodukowano w USA<\/p>\n<\/li>\n<\/ul>\n<p><iframe title=\"Adam&#039;s Polishes Tire and Rubber Cleaner\" width=\"800\" height=\"450\" src=\"https:\/\/www.youtube.com\/embed\/AUJtnr4SBGM?feature=oembed\" frameborder=\"0\" allow=\"accelerometer; autoplay; clipboard-write; encrypted-media; gyroscope; picture-in-picture; web-share\" referrerpolicy=\"strict-origin-when-cross-origin\" allowfullscreen><\/iframe><\/p>\n<p>&nbsp;<\/p>\n<p>&nbsp;<\/p>","protected":false},"excerpt":{"rendered":"<p>Adam&#8217;s Tire &amp; Rubber Cleaner skuteczny \u015brodek do czyszczenia opon i element\u00f3w gumowych Profesjonalny preparat do usuwania przebarwie\u0144, utlenie\u0144 oraz resztek \u015brodk\u00f3w konserwuj\u0105cych z opon i plastik\u00f3w. \u0141\u0105czy moc odt\u0142uszczacza przemys\u0142owego z cytrusow\u0105 formu\u0142\u0105 bezpieczn\u0105 dla u\u017cytkownika. Pozostawia ciemny, r\u00f3wnomierny kolor bez smug i osad\u00f3w. Cechy produktu &nbsp; Przywraca g\u0142\u0119boki, naturalny kolor gumie i plastikom [&hellip;]<\/p>","protected":false},"featured_media":2685,"comment_status":"open","ping_status":"closed","template":"","meta":[],"product_brand":[],"product_cat":[44,40,42],"product_tag":[],"class_list":{"0":"post-2684","1":"product","2":"type-product","3":"status-publish","4":"has-post-thumbnail","6":"product_cat-wewnetrzne","7":"product_cat-wszystkie-produkty","8":"product_cat-zewnetrzne","10":"first","11":"instock","12":"taxable","13":"shipping-taxable","14":"purchasable","15":"product-type-simple"},"bundled_by":[],"bundle_stock_status":"instock","bundle_stock_quantity":46,"bundle_virtual":false,"bundle_layout":"","bundle_add_to_cart_form_location":"","bundle_editable_in_cart":false,"bundle_sold_individually_context":"","bundle_item_grouping":"","bundle_min_size":"","bundle_max_size":"","bundle_price":[],"bundled_items":[],"bundle_sell_ids":[],"jetpack_sharing_enabled":true,"_links":{"self":[{"href":"https:\/\/adamspolishes.pl\/cs\/wp-json\/wp\/v2\/product\/2684","targetHints":{"allow":["GET"]}}],"collection":[{"href":"https:\/\/adamspolishes.pl\/cs\/wp-json\/wp\/v2\/product"}],"about":[{"href":"https:\/\/adamspolishes.pl\/cs\/wp-json\/wp\/v2\/types\/product"}],"replies":[{"embeddable":true,"href":"https:\/\/adamspolishes.pl\/cs\/wp-json\/wp\/v2\/comments?post=2684"}],"wp:featuredmedia":[{"embeddable":true,"href":"https:\/\/adamspolishes.pl\/cs\/wp-json\/wp\/v2\/media\/2685"}],"wp:attachment":[{"href":"https:\/\/adamspolishes.pl\/cs\/wp-json\/wp\/v2\/media?parent=2684"}],"wp:term":[{"taxonomy":"product_brand","embeddable":true,"href":"https:\/\/adamspolishes.pl\/cs\/wp-json\/wp\/v2\/product_brand?post=2684"},{"taxonomy":"product_cat","embeddable":true,"href":"https:\/\/adamspolishes.pl\/cs\/wp-json\/wp\/v2\/product_cat?post=2684"},{"taxonomy":"product_tag","embeddable":true,"href":"https:\/\/adamspolishes.pl\/cs\/wp-json\/wp\/v2\/product_tag?post=2684"}],"curies":[{"name":"wp","href":"https:\/\/api.w.org\/{rel}","templated":true}]}}