{"id":2863,"date":"2025-10-01T12:10:53","date_gmt":"2025-10-01T12:10:53","guid":{"rendered":"https:\/\/adamspolishes.pl\/?post_type=product&#038;p=2863"},"modified":"2025-10-01T12:19:46","modified_gmt":"2025-10-01T12:19:46","slug":"adams-premium-foam-cannon","status":"publish","type":"product","link":"https:\/\/adamspolishes.pl\/cs\/p\/adams-premium-foam-cannon\/","title":{"rendered":"Adam\u2019s Premium Foam Cannon"},"content":{"rendered":"<p class=\"p1\"><b>Adam\u2019s Premium Foam Cannon \u2013 najwy\u017csza jako\u015b\u0107 piany pod ci\u015bnieniem<\/b><b><\/b><\/p>\n<p class=\"p3\">Szukasz idealnej pianownicy do myjki ci\u015bnieniowej? <span class=\"s1\"><b>Adam\u2019s Premium Foam Cannon<\/b><\/span> to najbardziej dopracowany model na rynku, stworzony w oparciu o lata test\u00f3w i do\u015bwiadcze\u0144. Dzi\u0119ki niej uzyskasz g\u0119st\u0105, trwa\u0142\u0105 pian\u0119, kt\u00f3ra skutecznie otula i zmi\u0119kcza brud, minimalizuj\u0105c ryzyko powstawania rys podczas mycia.<\/p>\n<p class=\"p1\"><span class=\"s2\">\u00a0<\/span><b>Dlaczego warto?<\/b><b><\/b><\/p>\n<ul>\n<li>\n<p class=\"p1\">Wysokiej jako\u015bci konstrukcja ze stali nierdzewnej (dysza 1,25 mm)<\/p>\n<\/li>\n<li>\n<p class=\"p1\">Regulacja k\u0105ta strumienia i pe\u0142na regulacja 360\u00b0 (pion\/poziom)<\/p>\n<\/li>\n<li>\n<p class=\"p1\">Szeroka, stabilna podstawa zapobiegaj\u0105ca przewr\u00f3ceniu<\/p>\n<\/li>\n<li>\n<p class=\"p1\">Pojemny zbiornik 35 oz (ok. 1 L) z szerokim wlewem<\/p>\n<\/li>\n<li>\n<p class=\"p1\">Mo\u017cliwo\u015b\u0107 wkr\u0119cenia butelek Adam\u2019s 16 oz bezpo\u015brednio w pianownic\u0119<\/p>\n<\/li>\n<li>\n<p class=\"p1\">Standardowe z\u0142\u0105cze \u00bc\u201d do myjek ci\u015bnieniowych<\/p>\n<\/li>\n<li>\n<p class=\"p1\">Zakres ci\u015bnienia: 870\u20133190 PSI<\/p>\n<\/li>\n<li>\n<p class=\"p1\">Przep\u0142yw: 1,3 \u2013 5,3 GPM<\/p>\n<\/li>\n<li>\n<p class=\"p1\">Maksymalna temperatura wody: 60\u00b0C (140\u00b0F)<\/p>\n<\/li>\n<\/ul>\n<p>&nbsp;<\/p>\n<p class=\"p3\"><span class=\"s1\"><b>Najlepszy efekt:<\/b><\/span> w po\u0142\u0105czeniu z <span class=\"s1\"><b>Adam\u2019s Mega Foam Shampoo<\/b><\/span> dla ekstremalnie g\u0119stej piany!<\/p>\n<p>&nbsp;<\/p>\n<p><iframe title=\"Adam&#039;s Polishes Premium Foam Cannon\" width=\"800\" height=\"450\" src=\"https:\/\/www.youtube.com\/embed\/tp_WXHNSaGo?feature=oembed\" frameborder=\"0\" allow=\"accelerometer; autoplay; clipboard-write; encrypted-media; gyroscope; picture-in-picture; web-share\" referrerpolicy=\"strict-origin-when-cross-origin\" allowfullscreen><\/iframe><\/p>","protected":false},"excerpt":{"rendered":"<p>Adam\u2019s Premium Foam Cannon \u2013 najwy\u017csza jako\u015b\u0107 piany pod ci\u015bnieniem Szukasz idealnej pianownicy do myjki ci\u015bnieniowej? Adam\u2019s Premium Foam Cannon to najbardziej dopracowany model na rynku, stworzony w oparciu o lata test\u00f3w i do\u015bwiadcze\u0144. Dzi\u0119ki niej uzyskasz g\u0119st\u0105, trwa\u0142\u0105 pian\u0119, kt\u00f3ra skutecznie otula i zmi\u0119kcza brud, minimalizuj\u0105c ryzyko powstawania rys podczas mycia. \u00a0Dlaczego warto? Wysokiej [&hellip;]<\/p>","protected":false},"featured_media":2864,"comment_status":"open","ping_status":"closed","template":"","meta":[],"product_brand":[],"product_cat":[45,40,48],"product_tag":[],"class_list":{"0":"post-2863","1":"product","2":"type-product","3":"status-publish","4":"has-post-thumbnail","6":"product_cat-akcesoria","7":"product_cat-wszystkie-produkty","8":"product_cat-zestawy","10":"first","11":"instock","12":"taxable","13":"shipping-taxable","14":"purchasable","15":"product-type-simple"},"bundled_by":[],"bundle_stock_status":"instock","bundle_stock_quantity":4,"bundle_virtual":false,"bundle_layout":"","bundle_add_to_cart_form_location":"","bundle_editable_in_cart":false,"bundle_sold_individually_context":"","bundle_item_grouping":"","bundle_min_size":"","bundle_max_size":"","bundle_price":[],"bundled_items":[],"bundle_sell_ids":[],"jetpack_sharing_enabled":true,"_links":{"self":[{"href":"https:\/\/adamspolishes.pl\/cs\/wp-json\/wp\/v2\/product\/2863","targetHints":{"allow":["GET"]}}],"collection":[{"href":"https:\/\/adamspolishes.pl\/cs\/wp-json\/wp\/v2\/product"}],"about":[{"href":"https:\/\/adamspolishes.pl\/cs\/wp-json\/wp\/v2\/types\/product"}],"replies":[{"embeddable":true,"href":"https:\/\/adamspolishes.pl\/cs\/wp-json\/wp\/v2\/comments?post=2863"}],"wp:featuredmedia":[{"embeddable":true,"href":"https:\/\/adamspolishes.pl\/cs\/wp-json\/wp\/v2\/media\/2864"}],"wp:attachment":[{"href":"https:\/\/adamspolishes.pl\/cs\/wp-json\/wp\/v2\/media?parent=2863"}],"wp:term":[{"taxonomy":"product_brand","embeddable":true,"href":"https:\/\/adamspolishes.pl\/cs\/wp-json\/wp\/v2\/product_brand?post=2863"},{"taxonomy":"product_cat","embeddable":true,"href":"https:\/\/adamspolishes.pl\/cs\/wp-json\/wp\/v2\/product_cat?post=2863"},{"taxonomy":"product_tag","embeddable":true,"href":"https:\/\/adamspolishes.pl\/cs\/wp-json\/wp\/v2\/product_tag?post=2863"}],"curies":[{"name":"wp","href":"https:\/\/api.w.org\/{rel}","templated":true}]}}