{"id":1447,"date":"2025-03-14T09:43:31","date_gmt":"2025-03-14T09:43:31","guid":{"rendered":"http:\/\/adamspolishes.pl\/?post_type=product&#038;p=1447"},"modified":"2026-03-13T19:53:05","modified_gmt":"2026-03-13T19:53:05","slug":"one-step-polish-354-ml","status":"publish","type":"product","link":"https:\/\/adamspolishes.pl\/de\/p\/one-step-polish-354-ml\/","title":{"rendered":"Adam&#8217;s One Step Polish 355 ml"},"content":{"rendered":"<p class=\"p3\"><b>Adam&#8217;s One Step Polish Polerowanie i ochrona w jednym \u2013 szybki efekt, profesjonalny po\u0142ysk<\/b><b><\/b><\/p>\n<p class=\"p4\">Skr\u00f3\u0107 czas pracy i osi\u0105gnij \u015bwietny efekt bez kompromis\u00f3w!<\/p>\n<p class=\"p4\">Adam\u2019s One Step Polish to uniwersalna pasta polerska typu <span class=\"s2\"><b>\u201call-in-one\u201d<\/b><\/span>, kt\u00f3ra w jednym kroku usuwa drobne niedoskona\u0142o\u015bci i jednocze\u015bnie chroni lakier, nadaj\u0105c mu g\u0142\u0119boki po\u0142ysk.<\/p>\n<p class=\"p4\">\u2022 Bezpieczna dla lakier\u00f3w bezbarwnych, jednoetapowych i akrylowych<\/p>\n<p class=\"p4\">\u2022 Idealna do pracy z g\u0105bk\u0105 One Step Pad lub innymi padami polerskimi<\/p>\n<p class=\"p4\">\u2022 Szybka aplikacja i \u0142atwe polerowanie \u2013 bez zb\u0119dnego pylenia<\/p>\n<p class=\"p4\">\u2022 Usuwa zarysowania po papierze \u015bciernym o gradacji 2000<\/p>\n<p class=\"p4\">\u2022 D\u0142ugi czas pracy \u2013 \u015bwietna do ci\u0119cia i wyko\u0144czenia w jednym kroku<\/p>\n<p class=\"p4\">\u2022 Butelka 355 ml (12 oz)<\/p>\n<p>&nbsp;<\/p>\n<p><iframe title=\"Adam&#039;s Polishes One Step Polish and Pads\" width=\"800\" height=\"450\" src=\"https:\/\/www.youtube.com\/embed\/LXlzERcdpkk?feature=oembed\" frameborder=\"0\" allow=\"accelerometer; autoplay; clipboard-write; encrypted-media; gyroscope; picture-in-picture; web-share\" referrerpolicy=\"strict-origin-when-cross-origin\" allowfullscreen><\/iframe><\/p>","protected":false},"excerpt":{"rendered":"<p>Adam&#8217;s One Step Polish Polerowanie i ochrona w jednym \u2013 szybki efekt, profesjonalny po\u0142ysk Skr\u00f3\u0107 czas pracy i osi\u0105gnij \u015bwietny efekt bez kompromis\u00f3w! Adam\u2019s One Step Polish to uniwersalna pasta polerska typu \u201call-in-one\u201d, kt\u00f3ra w jednym kroku usuwa drobne niedoskona\u0142o\u015bci i jednocze\u015bnie chroni lakier, nadaj\u0105c mu g\u0142\u0119boki po\u0142ysk. \u2022 Bezpieczna dla lakier\u00f3w bezbarwnych, jednoetapowych i [&hellip;]<\/p>","protected":false},"featured_media":1179,"comment_status":"open","ping_status":"closed","template":"","meta":[],"product_brand":[],"product_cat":[43],"product_tag":[],"class_list":{"0":"post-1447","1":"product","2":"type-product","3":"status-publish","4":"has-post-thumbnail","6":"product_cat-polerskie","8":"first","9":"instock","10":"taxable","11":"shipping-taxable","12":"purchasable","13":"product-type-simple"},"bundled_by":[],"bundle_stock_status":"instock","bundle_stock_quantity":21,"bundle_virtual":false,"bundle_layout":"","bundle_add_to_cart_form_location":"","bundle_editable_in_cart":false,"bundle_sold_individually_context":"","bundle_item_grouping":"","bundle_min_size":"","bundle_max_size":"","bundle_price":[],"bundled_items":[],"bundle_sell_ids":[],"jetpack_sharing_enabled":true,"_links":{"self":[{"href":"https:\/\/adamspolishes.pl\/de\/wp-json\/wp\/v2\/product\/1447","targetHints":{"allow":["GET"]}}],"collection":[{"href":"https:\/\/adamspolishes.pl\/de\/wp-json\/wp\/v2\/product"}],"about":[{"href":"https:\/\/adamspolishes.pl\/de\/wp-json\/wp\/v2\/types\/product"}],"replies":[{"embeddable":true,"href":"https:\/\/adamspolishes.pl\/de\/wp-json\/wp\/v2\/comments?post=1447"}],"wp:featuredmedia":[{"embeddable":true,"href":"https:\/\/adamspolishes.pl\/de\/wp-json\/wp\/v2\/media\/1179"}],"wp:attachment":[{"href":"https:\/\/adamspolishes.pl\/de\/wp-json\/wp\/v2\/media?parent=1447"}],"wp:term":[{"taxonomy":"product_brand","embeddable":true,"href":"https:\/\/adamspolishes.pl\/de\/wp-json\/wp\/v2\/product_brand?post=1447"},{"taxonomy":"product_cat","embeddable":true,"href":"https:\/\/adamspolishes.pl\/de\/wp-json\/wp\/v2\/product_cat?post=1447"},{"taxonomy":"product_tag","embeddable":true,"href":"https:\/\/adamspolishes.pl\/de\/wp-json\/wp\/v2\/product_tag?post=1447"}],"curies":[{"name":"wp","href":"https:\/\/api.w.org\/{rel}","templated":true}]}}