{"id":2416,"date":"2025-04-28T08:43:04","date_gmt":"2025-04-28T08:43:04","guid":{"rendered":"https:\/\/adamspolishes.pl\/?post_type=product&#038;p=2416"},"modified":"2025-08-07T10:38:52","modified_gmt":"2025-08-07T10:38:52","slug":"adams-detailing-seat","status":"publish","type":"product","link":"https:\/\/adamspolishes.pl\/de\/p\/adams-detailing-seat\/","title":{"rendered":"Adam&#8217;s Detailing Seat"},"content":{"rendered":"<p class=\"p3\"><b>Adam&#8217;s Detailing Seat wygoda, mobilno\u015b\u0107 i organizacja podczas detailingu<\/b><b><\/b><\/p>\n<p class=\"p4\">Zyskaj maksymalny komfort i porz\u0105dek w gara\u017cu!<\/p>\n<p class=\"p4\">Adam\u2019s Detailing Seat to niskoprofilowe siedzisko na k\u00f3\u0142kach, kt\u00f3re pozwala wygodnie pracowa\u0107 przy ko\u0142ach, progach i dolnych partiach auta. Praktyczne szuflady i tacki u\u0142atwiaj\u0105 przechowywanie najpotrzebniejszych akcesori\u00f3w, a zdejmowane siedzisko zapewnia dodatkow\u0105 funkcjonalno\u015b\u0107.<\/p>\n<p>&nbsp;<\/p>\n<p><strong>Cechy produktu:<\/strong><\/p>\n<p class=\"p4\">\u2022 Zdejmowane siedzisko na k\u00f3\u0142kach<\/p>\n<p class=\"p4\">\u2022 Gumowane k\u00f3\u0142ka z blokad\u0105 \u2013 pe\u0142na kontrola nad pozycj\u0105<\/p>\n<p class=\"p4\">\u2022 Praktyczna tacka pod spodem \u2013 idealna na r\u0119czniki, szczotki i narz\u0119dzia<\/p>\n<p class=\"p4\">\u2022 Uchwyt na 4 butelki 236\/473 ml \u2013 szybki dost\u0119p do chemii<\/p>\n<p class=\"p4\">\u2022 Maksymalne obci\u0105\u017cenie: 136 kg (300 lb)<\/p>\n<p class=\"p4\">\u2022 Wymiary: 65 \u00d7 33 \u00d7 30 cm<\/p>\n<p class=\"p4\">Niezast\u0105piony podczas ka\u017cdego detailingu \u2013 zadbaj o wygod\u0119 i wydajno\u015b\u0107 pracy!<\/p>","protected":false},"excerpt":{"rendered":"<p>Adam&#8217;s Detailing Seat wygoda, mobilno\u015b\u0107 i organizacja podczas detailingu Zyskaj maksymalny komfort i porz\u0105dek w gara\u017cu! Adam\u2019s Detailing Seat to niskoprofilowe siedzisko na k\u00f3\u0142kach, kt\u00f3re pozwala wygodnie pracowa\u0107 przy ko\u0142ach, progach i dolnych partiach auta. Praktyczne szuflady i tacki u\u0142atwiaj\u0105 przechowywanie najpotrzebniejszych akcesori\u00f3w, a zdejmowane siedzisko zapewnia dodatkow\u0105 funkcjonalno\u015b\u0107. &nbsp; Cechy produktu: \u2022 Zdejmowane siedzisko [&hellip;]<\/p>","protected":false},"featured_media":2417,"comment_status":"open","ping_status":"closed","template":"","meta":[],"product_brand":[],"product_cat":[45,40],"product_tag":[],"class_list":{"0":"post-2416","1":"product","2":"type-product","3":"status-publish","4":"has-post-thumbnail","6":"product_cat-akcesoria","7":"product_cat-wszystkie-produkty","9":"first","10":"instock","11":"taxable","12":"shipping-taxable","13":"purchasable","14":"product-type-simple"},"bundled_by":[],"bundle_stock_status":"instock","bundle_stock_quantity":3,"bundle_virtual":false,"bundle_layout":"","bundle_add_to_cart_form_location":"","bundle_editable_in_cart":false,"bundle_sold_individually_context":"","bundle_item_grouping":"","bundle_min_size":"","bundle_max_size":"","bundle_price":[],"bundled_items":[],"bundle_sell_ids":[],"jetpack_sharing_enabled":true,"_links":{"self":[{"href":"https:\/\/adamspolishes.pl\/de\/wp-json\/wp\/v2\/product\/2416","targetHints":{"allow":["GET"]}}],"collection":[{"href":"https:\/\/adamspolishes.pl\/de\/wp-json\/wp\/v2\/product"}],"about":[{"href":"https:\/\/adamspolishes.pl\/de\/wp-json\/wp\/v2\/types\/product"}],"replies":[{"embeddable":true,"href":"https:\/\/adamspolishes.pl\/de\/wp-json\/wp\/v2\/comments?post=2416"}],"wp:featuredmedia":[{"embeddable":true,"href":"https:\/\/adamspolishes.pl\/de\/wp-json\/wp\/v2\/media\/2417"}],"wp:attachment":[{"href":"https:\/\/adamspolishes.pl\/de\/wp-json\/wp\/v2\/media?parent=2416"}],"wp:term":[{"taxonomy":"product_brand","embeddable":true,"href":"https:\/\/adamspolishes.pl\/de\/wp-json\/wp\/v2\/product_brand?post=2416"},{"taxonomy":"product_cat","embeddable":true,"href":"https:\/\/adamspolishes.pl\/de\/wp-json\/wp\/v2\/product_cat?post=2416"},{"taxonomy":"product_tag","embeddable":true,"href":"https:\/\/adamspolishes.pl\/de\/wp-json\/wp\/v2\/product_tag?post=2416"}],"curies":[{"name":"wp","href":"https:\/\/api.w.org\/{rel}","templated":true}]}}