{"id":2681,"date":"2025-08-07T07:22:00","date_gmt":"2025-08-07T07:22:00","guid":{"rendered":"https:\/\/adamspolishes.pl\/?post_type=product&#038;p=2681"},"modified":"2025-08-09T20:04:40","modified_gmt":"2025-08-09T20:04:40","slug":"adams-matte-detailer-3-78-l","status":"publish","type":"product","link":"https:\/\/adamspolishes.pl\/de\/p\/adams-matte-detailer-3-78-l\/","title":{"rendered":"Adam's Matte Detailer 3,78 l"},"content":{"rendered":"<p class=\"p1\"><span class=\"s1\"><b>Matte Detailer<\/b><\/span> zosta\u0142 zaprojektowany do szybkiej piel\u0119gnacji matowych i satynowych lakier\u00f3w, a tak\u017ce oklein winylowych, pas\u00f3w ozdobnych itp.<\/p>\n<p class=\"p1\">Ta specjalistyczna formu\u0142a zosta\u0142a opracowana, aby usuwa\u0107 lekki brud, kurz i odciski palc\u00f3w z takich powierzchni <span class=\"s1\"><b>bez nadawania po\u0142ysku<\/b><\/span>, dzi\u0119ki czemu zachowuj\u0105 one swoje oryginalne matowe lub satynowe wyko\u0144czenie.<\/p>\n<p class=\"p1\"><span class=\"s1\"><b>Adam\u2019s Matte Detailer<\/b><\/span> mo\u017ce by\u0107 r\u00f3wnie\u017c stosowany na powierzchniach b\u0142yszcz\u0105cych, szybach, chromie, w\u0142\u00f3knie szklanym, tworzywach zewn\u0119trznych i aluminium \u2013 tak jak nasz najlepiej sprzedaj\u0105cy si\u0119 Detail Spray \u2013 z t\u0105 r\u00f3\u017cnic\u0105, \u017ce <span class=\"s1\"><b>nie dodaje \u017cadnego po\u0142ysku<\/b><\/span>.<\/p>\n<p class=\"p3\"><strong>Cechy produktu:<\/strong><\/p>\n<ul>\n<li>\n<p class=\"p1\">\u0141atwe czyszczenie dzi\u0119ki super\u015bliskiej formule<\/p>\n<\/li>\n<li>\n<p class=\"p1\">Prosty w u\u017cyciu, bez smug i pozosta\u0142o\u015bci<\/p>\n<\/li>\n<li>\n<p class=\"p1\">Ciesz si\u0119 niesamowitym zapachem podczas czyszczenia \u2013 <span class=\"s1\"><b>bez efektu po\u0142ysku!<\/b><b><\/b><\/span><\/p>\n<\/li>\n<li>\n<p class=\"p1\">Wyprodukowano w USA<\/p>\n<p><iframe title=\"Adam&#039;s Polishes Matte Detailer\" width=\"800\" height=\"450\" src=\"https:\/\/www.youtube.com\/embed\/ATYbEqGabQA?feature=oembed\" frameborder=\"0\" allow=\"accelerometer; autoplay; clipboard-write; encrypted-media; gyroscope; picture-in-picture; web-share\" referrerpolicy=\"strict-origin-when-cross-origin\" allowfullscreen><\/iframe><\/li>\n<\/ul>","protected":false},"excerpt":{"rendered":"<p>Matte Detailer zosta\u0142 zaprojektowany do szybkiej piel\u0119gnacji matowych i satynowych lakier\u00f3w, a tak\u017ce oklein winylowych, pas\u00f3w ozdobnych itp. Ta specjalistyczna formu\u0142a zosta\u0142a opracowana, aby usuwa\u0107 lekki brud, kurz i odciski palc\u00f3w z takich powierzchni bez nadawania po\u0142ysku, dzi\u0119ki czemu zachowuj\u0105 one swoje oryginalne matowe lub satynowe wyko\u0144czenie. Adam\u2019s Matte Detailer mo\u017ce by\u0107 r\u00f3wnie\u017c stosowany na [&hellip;]<\/p>","protected":false},"featured_media":2682,"comment_status":"open","ping_status":"closed","template":"","meta":[],"product_brand":[],"product_cat":[40,42],"product_tag":[],"class_list":{"0":"post-2681","1":"product","2":"type-product","3":"status-publish","4":"has-post-thumbnail","6":"product_cat-wszystkie-produkty","7":"product_cat-zewnetrzne","9":"first","10":"instock","11":"taxable","12":"shipping-taxable","13":"purchasable","14":"product-type-simple"},"bundled_by":[],"bundle_stock_status":"instock","bundle_stock_quantity":2,"bundle_virtual":false,"bundle_layout":"","bundle_add_to_cart_form_location":"","bundle_editable_in_cart":false,"bundle_sold_individually_context":"","bundle_item_grouping":"","bundle_min_size":"","bundle_max_size":"","bundle_price":[],"bundled_items":[],"bundle_sell_ids":[],"jetpack_sharing_enabled":true,"_links":{"self":[{"href":"https:\/\/adamspolishes.pl\/de\/wp-json\/wp\/v2\/product\/2681","targetHints":{"allow":["GET"]}}],"collection":[{"href":"https:\/\/adamspolishes.pl\/de\/wp-json\/wp\/v2\/product"}],"about":[{"href":"https:\/\/adamspolishes.pl\/de\/wp-json\/wp\/v2\/types\/product"}],"replies":[{"embeddable":true,"href":"https:\/\/adamspolishes.pl\/de\/wp-json\/wp\/v2\/comments?post=2681"}],"wp:featuredmedia":[{"embeddable":true,"href":"https:\/\/adamspolishes.pl\/de\/wp-json\/wp\/v2\/media\/2682"}],"wp:attachment":[{"href":"https:\/\/adamspolishes.pl\/de\/wp-json\/wp\/v2\/media?parent=2681"}],"wp:term":[{"taxonomy":"product_brand","embeddable":true,"href":"https:\/\/adamspolishes.pl\/de\/wp-json\/wp\/v2\/product_brand?post=2681"},{"taxonomy":"product_cat","embeddable":true,"href":"https:\/\/adamspolishes.pl\/de\/wp-json\/wp\/v2\/product_cat?post=2681"},{"taxonomy":"product_tag","embeddable":true,"href":"https:\/\/adamspolishes.pl\/de\/wp-json\/wp\/v2\/product_tag?post=2681"}],"curies":[{"name":"wp","href":"https:\/\/api.w.org\/{rel}","templated":true}]}}