{"id":1421,"date":"2025-03-14T09:43:28","date_gmt":"2025-03-14T09:43:28","guid":{"rendered":"http:\/\/adamspolishes.pl\/?post_type=product&#038;p=1421"},"modified":"2025-10-27T10:11:19","modified_gmt":"2025-10-27T10:11:19","slug":"ceramic-spray-coating-354-ml","status":"publish","type":"product","link":"https:\/\/adamspolishes.pl\/lt\/p\/ceramic-spray-coating-354-ml\/","title":{"rendered":"Ceramic Spray Coating 354 ml"},"content":{"rendered":"<p>Adam&#8217;s \u2013 Pow\u0142oka Ceramiczna w Sprayu firmy Adam\u2019s [<em>Adam&#8217;s Ceramic Spray Coating<\/em>]<\/p>\n<p>\u0141atwa w u\u017cyciu pow\u0142oka ceramiczna, mo\u017cliwa do na\u0142o\u017cenia w kilka minut. Doskona\u0142a do stosowania jako samodzielnie albo jako warstwa wierzchnia na inn\u0105 na\u0142o\u017con\u0105 wcze\u015bniej pow\u0142ok\u0119 ceramiczn\u0105.<\/p>\n<ul>\n<li>\u00a0355 ml\/ 12 oz butelka w sprayu<\/li>\n<li>\u00a0Nadaje wyj\u0105tkowy po\u0142ysk \u00a0i g\u0142\u0119bi\u0119<\/li>\n<li>\u00a0Tworzy ultra-g\u0142adk\u0105 pow\u0142ok\u0119 hydrofobow\u0105<\/li>\n<li>\u00a0Idealna do szybkiego i \u0142atwego nanoszenia pow\u0142oki<\/li>\n<li>\u00a0Zapewnia 10-12 miesi\u0119czn\u0105 ochron\u0119 w kilka minut<\/li>\n<li>\u00a0Do na\u0142o\u017cenia w 1-2 minuty, ca\u0142kowity czas utwardzania w kilka godzin<\/li>\n<li>\u00a0Bezpieczna dla wszystkich lakierowanych powierzchni, szk\u0142a, reflektor\u00f3w, os\u0142on, mi\u0119kkich dach\u00f3w, chromowanych detali, k\u00f3\u0142.<\/li>\n<\/ul>","protected":false},"excerpt":{"rendered":"<p>Adam&#8217;s \u2013 Pow\u0142oka Ceramiczna w Sprayu firmy Adam\u2019s [<em>Adam&#8217;s Ceramic Spray Coating<\/em>]<\/p>\n<p>\u0141atwa w u\u017cyciu pow\u0142oka ceramiczna, mo\u017cliwa do na\u0142o\u017cenia w kilka minut. Doskona\u0142a do stosowania jako samodzielnie albo jako warstwa wierzchnia na inn\u0105 na\u0142o\u017con\u0105 wcze\u015bniej pow\u0142ok\u0119 ceramiczn\u0105.<\/p>","protected":false},"featured_media":1231,"comment_status":"open","ping_status":"closed","template":"","meta":[],"product_brand":[],"product_cat":[41],"product_tag":[],"class_list":{"0":"post-1421","1":"product","2":"type-product","3":"status-publish","4":"has-post-thumbnail","6":"product_cat-ceramika","8":"first","9":"outofstock","10":"taxable","11":"shipping-taxable","12":"purchasable","13":"product-type-simple"},"bundled_by":[],"bundle_stock_status":"outofstock","bundle_stock_quantity":null,"bundle_virtual":false,"bundle_layout":"","bundle_add_to_cart_form_location":"","bundle_editable_in_cart":false,"bundle_sold_individually_context":"","bundle_item_grouping":"","bundle_min_size":"","bundle_max_size":"","bundle_price":[],"bundled_items":[],"bundle_sell_ids":[],"jetpack_sharing_enabled":true,"_links":{"self":[{"href":"https:\/\/adamspolishes.pl\/lt\/wp-json\/wp\/v2\/product\/1421","targetHints":{"allow":["GET"]}}],"collection":[{"href":"https:\/\/adamspolishes.pl\/lt\/wp-json\/wp\/v2\/product"}],"about":[{"href":"https:\/\/adamspolishes.pl\/lt\/wp-json\/wp\/v2\/types\/product"}],"replies":[{"embeddable":true,"href":"https:\/\/adamspolishes.pl\/lt\/wp-json\/wp\/v2\/comments?post=1421"}],"wp:featuredmedia":[{"embeddable":true,"href":"https:\/\/adamspolishes.pl\/lt\/wp-json\/wp\/v2\/media\/1231"}],"wp:attachment":[{"href":"https:\/\/adamspolishes.pl\/lt\/wp-json\/wp\/v2\/media?parent=1421"}],"wp:term":[{"taxonomy":"product_brand","embeddable":true,"href":"https:\/\/adamspolishes.pl\/lt\/wp-json\/wp\/v2\/product_brand?post=1421"},{"taxonomy":"product_cat","embeddable":true,"href":"https:\/\/adamspolishes.pl\/lt\/wp-json\/wp\/v2\/product_cat?post=1421"},{"taxonomy":"product_tag","embeddable":true,"href":"https:\/\/adamspolishes.pl\/lt\/wp-json\/wp\/v2\/product_tag?post=1421"}],"curies":[{"name":"wp","href":"https:\/\/api.w.org\/{rel}","templated":true}]}}