{"id":1489,"date":"2025-03-14T09:43:47","date_gmt":"2025-03-14T09:43:47","guid":{"rendered":"http:\/\/adamspolishes.pl\/?post_type=product&#038;p=1489"},"modified":"2025-10-27T09:59:10","modified_gmt":"2025-10-27T09:59:10","slug":"rinse-coat-1-9-l","status":"publish","type":"product","link":"https:\/\/adamspolishes.pl\/lt\/p\/rinse-coat-1-9-l\/","title":{"rendered":"Rinse + Coat 1.9 l"},"content":{"rendered":"<p>Pow\u0142oka hydrofobowa firmy Adam\u2019s [<em>Rinse Coat<\/em>]<\/p>\n<p>Pow\u0142oka hydrofobowa Adam\u2019s [Rinse + Coat] jest gotow\u0105 do u\u017cycia, odpychaj\u0105c\u0105 od siebie wod\u0119 pow\u0142ok\u0105 kt\u00f3r\u0105 mo\u017cna nak\u0142ada\u0107 za pomoc\u0105 rozpylania mgie\u0142ki i sp\u0142ukiwania, aby zwi\u0119kszy\u0107 hydrofobowo\u015b\u0107 istniej\u0105cej ochrony lub samodzielnie wytworzy\u0107 now\u0105. Adam\u2019s Rinse + Coat zapewnia ol\u015bniewaj\u0105cy po\u0142ysk i jest zaskakuj\u0105co trwa\u0142a i odporna chemicznie ze wzgl\u0119du na jej \u0142atwe nak\u0142adanie. Jednorazowe szybkie zastosowanie mo\u017ce dzia\u0142a\u0107 nawet 90 dni!<\/p>\n<ul>\n<li>\u00a0Formu\u0142a gotowa do u\u017cycia &#8211; nie wymaga rozcie\u0144czania<\/li>\n<li>\u00a0Bezproblemowe nak\u0142adanie przez rozpylanie \/ sp\u0142ukiwanie<\/li>\n<li>\u00a0Zapewnia dodatkow\u0105 hydrofobowo\u015b\u0107, \u015blisko\u015b\u0107 i po\u0142ysk<\/li>\n<li>\u00a0Nadaje si\u0119 do wszystkich powierzchni, w tym szk\u0142a i tworzyw sztucznych<\/li>\n<li>\u00a0Hybrydyzowana kompozycja polimerowa chroni lakier do 90 dni!<\/li>\n<\/ul>\n<p>\u00a0<\/p>\n<p>Spos\u00f3b u\u017cycia:<\/p>\n<p>1. Nale\u017cy umy\u0107 i dok\u0142adnie sp\u0142uka\u0107 samoch\u00f3d.<\/p>\n<p>2. Jeszcze mokry samoch\u00f3d r\u00f3wnomiernie spryska\u0107 , zwykle jest to oko\u0142o 4-6 rozpyle\u0144 na ka\u017cde 0,37 m 2 (4 ft2)<\/p>\n<p>3. Natychmiast sp\u0142uka\u0107 du\u017c\u0105 ilo\u015bci\u0105 czystej wody pod wyr\u00f3wnanym ci\u015bnieniem. Pojawi si\u0119 bia\u0142a pianka. Nale\u017cy sp\u0142ukiwa\u0107 a\u017c ca\u0142a powierzchnia b\u0119dzie czysta a piana nie b\u0119dzie si\u0119 tworzy\u0107.<\/p>\n<p>4. Osuszy\u0107 samoch\u00f3d za pomoc\u0105 jednej z naszych wysokiej jako\u015bci \u015bciereczek z mikrofibry, jednocze\u015bnie upewniaj\u0105c si\u0119, \u017ce wszelkie resztki preparatu zosta\u0142y wyr\u00f3wnane<\/p>\n<p>\u00a0<\/p>","protected":false},"excerpt":{"rendered":"<p style=\"text-align:left\">Pow\u0142oka hydrofobowa firmy Adam\u2019s [<em>Rinse Coat<\/em>]<\/p>\n<ul>\n<li style=\"text-align:left\">\u00a0Formu\u0142a gotowa do u\u017cycia &#8211; nie wymaga rozcie\u0144czania<\/li>\n<li style=\"text-align:left\">\u00a0Bezproblemowe nak\u0142adanie przez rozpylanie \/ sp\u0142ukiwanie<\/li>\n<li style=\"text-align:left\">\u00a0Zapewnia dodatkow\u0105 hydrofobowo\u015b\u0107, \u015blisko\u015b\u0107 i po\u0142ysk<\/li>\n<li style=\"text-align:left\">\u00a0Nadaje si\u0119 do wszystkich powierzchni, w tym szk\u0142a i tworzyw sztucznych<\/li>\n<li style=\"text-align:left\">\u00a0Hybrydyzowana kompozycja polimerowa chroni lakier do 90 dni!<\/li>\n<\/ul>\n<p>\u00a0<\/p>","protected":false},"featured_media":1196,"comment_status":"open","ping_status":"closed","template":"","meta":[],"product_brand":[],"product_cat":[42],"product_tag":[],"class_list":{"0":"post-1489","1":"product","2":"type-product","3":"status-publish","4":"has-post-thumbnail","6":"product_cat-zewnetrzne","8":"first","9":"outofstock","10":"taxable","11":"shipping-taxable","12":"purchasable","13":"product-type-simple"},"bundled_by":[],"bundle_stock_status":"outofstock","bundle_stock_quantity":null,"bundle_virtual":false,"bundle_layout":"","bundle_add_to_cart_form_location":"","bundle_editable_in_cart":false,"bundle_sold_individually_context":"","bundle_item_grouping":"","bundle_min_size":"","bundle_max_size":"","bundle_price":[],"bundled_items":[],"bundle_sell_ids":[],"jetpack_sharing_enabled":true,"_links":{"self":[{"href":"https:\/\/adamspolishes.pl\/lt\/wp-json\/wp\/v2\/product\/1489","targetHints":{"allow":["GET"]}}],"collection":[{"href":"https:\/\/adamspolishes.pl\/lt\/wp-json\/wp\/v2\/product"}],"about":[{"href":"https:\/\/adamspolishes.pl\/lt\/wp-json\/wp\/v2\/types\/product"}],"replies":[{"embeddable":true,"href":"https:\/\/adamspolishes.pl\/lt\/wp-json\/wp\/v2\/comments?post=1489"}],"wp:featuredmedia":[{"embeddable":true,"href":"https:\/\/adamspolishes.pl\/lt\/wp-json\/wp\/v2\/media\/1196"}],"wp:attachment":[{"href":"https:\/\/adamspolishes.pl\/lt\/wp-json\/wp\/v2\/media?parent=1489"}],"wp:term":[{"taxonomy":"product_brand","embeddable":true,"href":"https:\/\/adamspolishes.pl\/lt\/wp-json\/wp\/v2\/product_brand?post=1489"},{"taxonomy":"product_cat","embeddable":true,"href":"https:\/\/adamspolishes.pl\/lt\/wp-json\/wp\/v2\/product_cat?post=1489"},{"taxonomy":"product_tag","embeddable":true,"href":"https:\/\/adamspolishes.pl\/lt\/wp-json\/wp\/v2\/product_tag?post=1489"}],"curies":[{"name":"wp","href":"https:\/\/api.w.org\/{rel}","templated":true}]}}