{"id":1529,"date":"2025-03-14T09:43:52","date_gmt":"2025-03-14T09:43:52","guid":{"rendered":"http:\/\/adamspolishes.pl\/?post_type=product&#038;p=1529"},"modified":"2025-08-07T12:00:34","modified_gmt":"2025-08-07T12:00:34","slug":"mega-foam-3-78-l","status":"publish","type":"product","link":"https:\/\/adamspolishes.pl\/lt\/p\/mega-foam-3-78-l\/","title":{"rendered":"Adam&#8217;s Mega Foam 3.78 l"},"content":{"rendered":"<p class=\"p1\"><span class=\"s1\"><b>Adam\u2019s Mega Foam Shampoo<\/b><\/span> to niezb\u0119dny produkt do rutynowego mycia samochodu, codziennej piel\u0119gnacji lub jako etap wst\u0119pnego mycia przed dekontaminacj\u0105 glink\u0105 lub pracami polerskimi.<\/p>\n<p class=\"p1\"><span class=\"s1\"><b>Mega Foam Car Soap<\/b><\/span> mo\u017cna stosowa\u0107 na ka\u017cdym etapie procesu mycia, jednak zalecamy jego u\u017cycie po dok\u0142adnym oczyszczeniu k\u00f3\u0142, opon, komory silnika i ko\u0144c\u00f3wek wydechu.<\/p>\n<p class=\"p1\">Poniewa\u017c produkt ma neutralne pH, nie wp\u0142ywa na istniej\u0105ce pow\u0142oki ochronne \u2013 nie powoduje smug, zaciek\u00f3w ani przebarwie\u0144, nawet przy cz\u0119stym stosowaniu.<\/p>\n<p class=\"p1\"><span class=\"s1\"><b>Adam\u2019s Mega Foam Shampoo<\/b><\/span> idealnie sprawdza si\u0119 w metodzie mycia na dwa wiadra i zosta\u0142 zaprojektowany specjalnie do u\u017cytku z pianownic\u0105 r\u0119czn\u0105, pianownic\u0105 ci\u015bnieniow\u0105 lub innymi urz\u0105dzeniami do wytwarzania piany.<\/p>\n<p class=\"p1\">W po\u0142\u0105czeniu ze standardow\u0105 r\u0119kawic\u0105 do mycia, separatorem brudu (dirt lock lub grit guard) i ultra mi\u0119kkim r\u0119cznikiem do suszenia przeniesie Twoje do\u015bwiadczenie z detailingu na zupe\u0142nie nowy poziom.<\/p>\n<p class=\"p3\"><b>Cechy produktu:<\/b><b><\/b><\/p>\n<p class=\"p4\">\u2022 Nasz najbardziej skoncentrowany szampon w historii<\/p>\n<p class=\"p4\">\u2022 Formu\u0142a o neutralnym pH<\/p>\n<p class=\"p4\">\u2022 Zaprojektowany dla uzyskania maksymalnej ilo\u015bci piany<\/p>\n<p class=\"p4\">\u2022 Zalecane dozowanie: 1\u20132 uncje (30\u201360 ml) do pianownicy r\u0119cznej lub ci\u015bnieniowej<\/p>\n<p class=\"p4\">\u2022 Zapach soczystych owoc\u00f3w<\/p>\n<p>&nbsp;<\/p>\n<p><iframe title=\"Adam&#039;s Polishes Mega Foam Shampoo\" width=\"800\" height=\"450\" src=\"https:\/\/www.youtube.com\/embed\/xJO0u-Sy-mI?feature=oembed\" frameborder=\"0\" allow=\"accelerometer; autoplay; clipboard-write; encrypted-media; gyroscope; picture-in-picture; web-share\" referrerpolicy=\"strict-origin-when-cross-origin\" allowfullscreen><\/iframe><\/p>","protected":false},"excerpt":{"rendered":"<p>Adam\u2019s Mega Foam Shampoo to niezb\u0119dny produkt do rutynowego mycia samochodu, codziennej piel\u0119gnacji lub jako etap wst\u0119pnego mycia przed dekontaminacj\u0105 glink\u0105 lub pracami polerskimi. Mega Foam Car Soap mo\u017cna stosowa\u0107 na ka\u017cdym etapie procesu mycia, jednak zalecamy jego u\u017cycie po dok\u0142adnym oczyszczeniu k\u00f3\u0142, opon, komory silnika i ko\u0144c\u00f3wek wydechu. Poniewa\u017c produkt ma neutralne pH, nie [&hellip;]<\/p>","protected":false},"featured_media":1216,"comment_status":"open","ping_status":"closed","template":"","meta":[],"product_brand":[],"product_cat":[42],"product_tag":[],"class_list":{"0":"post-1529","1":"product","2":"type-product","3":"status-publish","4":"has-post-thumbnail","6":"product_cat-zewnetrzne","8":"first","9":"instock","10":"taxable","11":"shipping-taxable","12":"purchasable","13":"product-type-simple"},"bundled_by":[],"bundle_stock_status":"instock","bundle_stock_quantity":4,"bundle_virtual":false,"bundle_layout":"","bundle_add_to_cart_form_location":"","bundle_editable_in_cart":false,"bundle_sold_individually_context":"","bundle_item_grouping":"","bundle_min_size":"","bundle_max_size":"","bundle_price":[],"bundled_items":[],"bundle_sell_ids":[],"jetpack_sharing_enabled":true,"_links":{"self":[{"href":"https:\/\/adamspolishes.pl\/lt\/wp-json\/wp\/v2\/product\/1529","targetHints":{"allow":["GET"]}}],"collection":[{"href":"https:\/\/adamspolishes.pl\/lt\/wp-json\/wp\/v2\/product"}],"about":[{"href":"https:\/\/adamspolishes.pl\/lt\/wp-json\/wp\/v2\/types\/product"}],"replies":[{"embeddable":true,"href":"https:\/\/adamspolishes.pl\/lt\/wp-json\/wp\/v2\/comments?post=1529"}],"wp:featuredmedia":[{"embeddable":true,"href":"https:\/\/adamspolishes.pl\/lt\/wp-json\/wp\/v2\/media\/1216"}],"wp:attachment":[{"href":"https:\/\/adamspolishes.pl\/lt\/wp-json\/wp\/v2\/media?parent=1529"}],"wp:term":[{"taxonomy":"product_brand","embeddable":true,"href":"https:\/\/adamspolishes.pl\/lt\/wp-json\/wp\/v2\/product_brand?post=1529"},{"taxonomy":"product_cat","embeddable":true,"href":"https:\/\/adamspolishes.pl\/lt\/wp-json\/wp\/v2\/product_cat?post=1529"},{"taxonomy":"product_tag","embeddable":true,"href":"https:\/\/adamspolishes.pl\/lt\/wp-json\/wp\/v2\/product_tag?post=1529"}],"curies":[{"name":"wp","href":"https:\/\/api.w.org\/{rel}","templated":true}]}}