{"id":1573,"date":"2025-03-14T09:45:51","date_gmt":"2025-03-14T09:45:51","guid":{"rendered":"http:\/\/adamspolishes.pl\/?post_type=product&#038;p=1573"},"modified":"2025-10-27T09:48:36","modified_gmt":"2025-10-27T09:48:36","slug":"liquid-air-freshener-berry-118-ml","status":"publish","type":"product","link":"https:\/\/adamspolishes.pl\/lt\/p\/liquid-air-freshener-berry-118-ml\/","title":{"rendered":"Liquid Air Freshener Berry 118 ml"},"content":{"rendered":"<p>Od\u015bwie\u017cacz powietrza firmy Adam&#8217;s [Liquid Air Freshener Berry]<\/p>\n<p>\u00a0<\/p>\n<p>Od\u015bwie\u017cacze powietrza w p\u0142ynie Adam&#8217;s zosta\u0142y opracowane w celu maskowania i od\u015bwie\u017cania przestrzeni wewn\u0119trznych przed niepo\u017c\u0105danymi zapachami za pomoc\u0105 prostego rozpylania bezpo\u015brednio na dywany, siedzenia, podsufitki i otwory wentylacyjne.<\/p>\n<p>\u00a0<\/p>\n<ul>\n<li>Lekko rozpyl na dywany, tapicerk\u0119, otwory wentylacyjne i podsufitki<\/li>\n<li>Pozostawia przestrzenie wewn\u0119trzne pachn\u0105ce \u015bwie\u017co i czysto<\/li>\n<li>Zapach jagodowy<\/li>\n<\/ul>\n<p>\u00a0<\/p>","protected":false},"excerpt":{"rendered":"<p>Od\u015bwie\u017cacz powietrza firmy Adam&#8217;s [Liquid Air Freshener Berry] \u00a0 Od\u015bwie\u017cacze powietrza w p\u0142ynie Adam&#8217;s zosta\u0142y opracowane w celu maskowania i od\u015bwie\u017cania przestrzeni wewn\u0119trznych przed niepo\u017c\u0105danymi zapachami za pomoc\u0105 prostego rozpylania bezpo\u015brednio na dywany, siedzenia, podsufitki i otwory wentylacyjne. \u00a0 Lekko rozpyl na dywany, tapicerk\u0119, otwory wentylacyjne i podsufitki Pozostawia przestrzenie wewn\u0119trzne pachn\u0105ce \u015bwie\u017co i czysto [&hellip;]<\/p>","protected":false},"featured_media":1346,"comment_status":"open","ping_status":"closed","template":"","meta":[],"product_brand":[],"product_cat":[44],"product_tag":[],"class_list":{"0":"post-1573","1":"product","2":"type-product","3":"status-publish","4":"has-post-thumbnail","6":"product_cat-wewnetrzne","8":"first","9":"outofstock","10":"taxable","11":"shipping-taxable","12":"purchasable","13":"product-type-simple"},"bundled_by":[],"bundle_stock_status":"outofstock","bundle_stock_quantity":null,"bundle_virtual":false,"bundle_layout":"","bundle_add_to_cart_form_location":"","bundle_editable_in_cart":false,"bundle_sold_individually_context":"","bundle_item_grouping":"","bundle_min_size":"","bundle_max_size":"","bundle_price":[],"bundled_items":[],"bundle_sell_ids":[],"jetpack_sharing_enabled":true,"_links":{"self":[{"href":"https:\/\/adamspolishes.pl\/lt\/wp-json\/wp\/v2\/product\/1573","targetHints":{"allow":["GET"]}}],"collection":[{"href":"https:\/\/adamspolishes.pl\/lt\/wp-json\/wp\/v2\/product"}],"about":[{"href":"https:\/\/adamspolishes.pl\/lt\/wp-json\/wp\/v2\/types\/product"}],"replies":[{"embeddable":true,"href":"https:\/\/adamspolishes.pl\/lt\/wp-json\/wp\/v2\/comments?post=1573"}],"wp:featuredmedia":[{"embeddable":true,"href":"https:\/\/adamspolishes.pl\/lt\/wp-json\/wp\/v2\/media\/1346"}],"wp:attachment":[{"href":"https:\/\/adamspolishes.pl\/lt\/wp-json\/wp\/v2\/media?parent=1573"}],"wp:term":[{"taxonomy":"product_brand","embeddable":true,"href":"https:\/\/adamspolishes.pl\/lt\/wp-json\/wp\/v2\/product_brand?post=1573"},{"taxonomy":"product_cat","embeddable":true,"href":"https:\/\/adamspolishes.pl\/lt\/wp-json\/wp\/v2\/product_cat?post=1573"},{"taxonomy":"product_tag","embeddable":true,"href":"https:\/\/adamspolishes.pl\/lt\/wp-json\/wp\/v2\/product_tag?post=1573"}],"curies":[{"name":"wp","href":"https:\/\/api.w.org\/{rel}","templated":true}]}}