{"id":47,"date":"2024-12-14T17:26:00","date_gmt":"2024-12-14T17:26:00","guid":{"rendered":"http:\/\/adamspolishes.pl\/?post_type=product&#038;p=47"},"modified":"2026-03-13T19:53:05","modified_gmt":"2026-03-13T19:53:05","slug":"adams-graphene-ceramic-glass-coating-30-ml","status":"publish","type":"product","link":"https:\/\/adamspolishes.pl\/lt\/p\/adams-graphene-ceramic-glass-coating-30-ml\/","title":{"rendered":"Adam&#8217;s Graphene Ceramic Glass Coating 30 ml"},"content":{"rendered":"<p class=\"p1\"><span class=\"s1\"><b>Adam\u2019s Graphene Ceramic Glass Coating<\/b><\/span> wykorzystuje nasze najnowsze osi\u0105gni\u0119cia w technologii ceramiki modyfikowanej tlenkiem grafenu.<\/p>\n<p class=\"p1\">Dzi\u0119ki specjalizacji tej formu\u0142y pod k\u0105tem szk\u0142a, uda\u0142o nam si\u0119 osi\u0105gn\u0105\u0107 maksymaln\u0105 mo\u017cliw\u0105 trwa\u0142o\u015b\u0107 oraz wyj\u0105tkow\u0105 odporno\u015b\u0107 chemiczn\u0105 i na \u015bcieranie, przy zachowaniu \u0142atwej aplikacji.<\/p>\n<p class=\"p1\"><span class=\"s1\"><b>Adam\u2019s Graphene Ceramic Glass Coating<\/b><\/span> to nasza najlepsza odpowied\u017a na pytanie, jak maksymalnie zwi\u0119kszy\u0107 bezpiecze\u0144stwo jazdy w trudnych warunkach atmosferycznych i utrzyma\u0107 powierzchnie szklane czystsze na d\u0142u\u017cej dzi\u0119ki silnemu efektowi hydrofobowemu i samoczyszcz\u0105cemu.<\/p>\n<p class=\"p3\"><b>Cechy produktu:<\/b><b><\/b><\/p>\n<p class=\"p4\">\u2022 Zawiera grafenowe \u017cywice ceramiczne<\/p>\n<p class=\"p4\">\u2022 Dost\u0119pny wy\u0142\u0105cznie w butelce 30 mL<\/p>\n<p class=\"p4\">\u2022 Tworzy wyj\u0105tkowo hydrofobow\u0105 i \u015blisk\u0105 powierzchni\u0119 szk\u0142a<\/p>\n<p class=\"p4\">\u2022 Skrajnie odporny na \u015bcieranie i dzia\u0142anie detergent\u00f3w<\/p>\n<p class=\"p4\">\u2022 Brak czasu utwardzania \u2013 \u0142atwa, szybka aplikacja<\/p>\n<p class=\"p4\">\u2022 Trwa\u0142o\u015b\u0107 9\u201312 miesi\u0119cy lub oko\u0142o 16 000 km<\/p>\n<p><iframe title=\"Crystal Clear Vision in Harsh Weather | Adam&#039;s Polishes Graphene Glass Coating\" width=\"800\" height=\"450\" src=\"https:\/\/www.youtube.com\/embed\/ElVv0TZMUkw?feature=oembed\" frameborder=\"0\" allow=\"accelerometer; autoplay; clipboard-write; encrypted-media; gyroscope; picture-in-picture; web-share\" referrerpolicy=\"strict-origin-when-cross-origin\" allowfullscreen><\/iframe><\/p>","protected":false},"excerpt":{"rendered":"<p>Adam\u2019s Graphene Ceramic Glass Coating wykorzystuje nasze najnowsze osi\u0105gni\u0119cia w technologii ceramiki modyfikowanej tlenkiem grafenu. Dzi\u0119ki specjalizacji tej formu\u0142y pod k\u0105tem szk\u0142a, uda\u0142o nam si\u0119 osi\u0105gn\u0105\u0107 maksymaln\u0105 mo\u017cliw\u0105 trwa\u0142o\u015b\u0107 oraz wyj\u0105tkow\u0105 odporno\u015b\u0107 chemiczn\u0105 i na \u015bcieranie, przy zachowaniu \u0142atwej aplikacji. Adam\u2019s Graphene Ceramic Glass Coating to nasza najlepsza odpowied\u017a na pytanie, jak maksymalnie zwi\u0119kszy\u0107 bezpiecze\u0144stwo [&hellip;]<\/p>","protected":false},"featured_media":451,"comment_status":"open","ping_status":"closed","template":"","meta":[],"product_brand":[],"product_cat":[41,47,40],"product_tag":[],"class_list":{"0":"post-47","1":"product","2":"type-product","3":"status-publish","4":"has-post-thumbnail","6":"product_cat-ceramika","7":"product_cat-graphene","8":"product_cat-wszystkie-produkty","10":"first","11":"instock","12":"taxable","13":"shipping-taxable","14":"purchasable","15":"product-type-simple"},"bundled_by":[],"bundle_stock_status":"instock","bundle_stock_quantity":16,"bundle_virtual":false,"bundle_layout":"","bundle_add_to_cart_form_location":"","bundle_editable_in_cart":false,"bundle_sold_individually_context":"","bundle_item_grouping":"","bundle_min_size":"","bundle_max_size":"","bundle_price":[],"bundled_items":[],"bundle_sell_ids":[],"jetpack_sharing_enabled":true,"_links":{"self":[{"href":"https:\/\/adamspolishes.pl\/lt\/wp-json\/wp\/v2\/product\/47","targetHints":{"allow":["GET"]}}],"collection":[{"href":"https:\/\/adamspolishes.pl\/lt\/wp-json\/wp\/v2\/product"}],"about":[{"href":"https:\/\/adamspolishes.pl\/lt\/wp-json\/wp\/v2\/types\/product"}],"replies":[{"embeddable":true,"href":"https:\/\/adamspolishes.pl\/lt\/wp-json\/wp\/v2\/comments?post=47"}],"wp:featuredmedia":[{"embeddable":true,"href":"https:\/\/adamspolishes.pl\/lt\/wp-json\/wp\/v2\/media\/451"}],"wp:attachment":[{"href":"https:\/\/adamspolishes.pl\/lt\/wp-json\/wp\/v2\/media?parent=47"}],"wp:term":[{"taxonomy":"product_brand","embeddable":true,"href":"https:\/\/adamspolishes.pl\/lt\/wp-json\/wp\/v2\/product_brand?post=47"},{"taxonomy":"product_cat","embeddable":true,"href":"https:\/\/adamspolishes.pl\/lt\/wp-json\/wp\/v2\/product_cat?post=47"},{"taxonomy":"product_tag","embeddable":true,"href":"https:\/\/adamspolishes.pl\/lt\/wp-json\/wp\/v2\/product_tag?post=47"}],"curies":[{"name":"wp","href":"https:\/\/api.w.org\/{rel}","templated":true}]}}