{"id":1449,"date":"2025-03-14T09:43:32","date_gmt":"2025-03-14T09:43:32","guid":{"rendered":"http:\/\/adamspolishes.pl\/?post_type=product&#038;p=1449"},"modified":"2025-10-27T10:07:37","modified_gmt":"2025-10-27T10:07:37","slug":"coating-applicator-2","status":"publish","type":"product","link":"https:\/\/adamspolishes.pl\/lv\/p\/coating-applicator-2\/","title":{"rendered":"Adam&#8217;s Coating Applicator"},"content":{"rendered":"<p class=\"p1\">Mi\u0119kka g\u0105bka pokryta mikrofibr\u0105 typu suede do aplikacji pow\u0142ok ceramicznych.<\/p>\n<p class=\"p1\">Aplikatory te s\u0105 przeznaczone do jednorazowego u\u017cytku \u2014 po utwardzeniu si\u0119 pow\u0142oki ceramicznej w materiale aplikatora nale\u017cy je wymieni\u0107 na nowe.<\/p>\n<p class=\"p3\"><b>Cechy produktu:<\/b><b><\/b><\/p>\n<p class=\"p4\">\u2022 Ma\u0142y, mi\u0119kki aplikator z mikrofibry typu suede<\/p>\n<p class=\"p4\">\u2022 Zaprojektowany do u\u017cycia z produktami ceramicznymi Adam\u2019s<\/p>\n<p class=\"p4\">\u2022 Umo\u017cliwia r\u00f3wnomiern\u0105 aplikacj\u0119 pow\u0142oki na lakierze oraz elementach plastikowych i gumowych<\/p>","protected":false},"excerpt":{"rendered":"<p>Mi\u0119kka g\u0105bka pokryta mikrofibr\u0105 typu suede do aplikacji pow\u0142ok ceramicznych. Aplikatory te s\u0105 przeznaczone do jednorazowego u\u017cytku \u2014 po utwardzeniu si\u0119 pow\u0142oki ceramicznej w materiale aplikatora nale\u017cy je wymieni\u0107 na nowe. Cechy produktu: \u2022 Ma\u0142y, mi\u0119kki aplikator z mikrofibry typu suede \u2022 Zaprojektowany do u\u017cycia z produktami ceramicznymi Adam\u2019s \u2022 Umo\u017cliwia r\u00f3wnomiern\u0105 aplikacj\u0119 pow\u0142oki na [&hellip;]<\/p>","protected":false},"featured_media":1229,"comment_status":"open","ping_status":"closed","template":"","meta":[],"product_brand":[],"product_cat":[45,41],"product_tag":[],"class_list":{"0":"post-1449","1":"product","2":"type-product","3":"status-publish","4":"has-post-thumbnail","6":"product_cat-akcesoria","7":"product_cat-ceramika","9":"first","10":"outofstock","11":"taxable","12":"shipping-taxable","13":"purchasable","14":"product-type-simple"},"bundled_by":[],"bundle_stock_status":"outofstock","bundle_stock_quantity":null,"bundle_virtual":false,"bundle_layout":"","bundle_add_to_cart_form_location":"","bundle_editable_in_cart":false,"bundle_sold_individually_context":"","bundle_item_grouping":"","bundle_min_size":"","bundle_max_size":"","bundle_price":[],"bundled_items":[],"bundle_sell_ids":[],"jetpack_sharing_enabled":true,"_links":{"self":[{"href":"https:\/\/adamspolishes.pl\/lv\/wp-json\/wp\/v2\/product\/1449","targetHints":{"allow":["GET"]}}],"collection":[{"href":"https:\/\/adamspolishes.pl\/lv\/wp-json\/wp\/v2\/product"}],"about":[{"href":"https:\/\/adamspolishes.pl\/lv\/wp-json\/wp\/v2\/types\/product"}],"replies":[{"embeddable":true,"href":"https:\/\/adamspolishes.pl\/lv\/wp-json\/wp\/v2\/comments?post=1449"}],"wp:featuredmedia":[{"embeddable":true,"href":"https:\/\/adamspolishes.pl\/lv\/wp-json\/wp\/v2\/media\/1229"}],"wp:attachment":[{"href":"https:\/\/adamspolishes.pl\/lv\/wp-json\/wp\/v2\/media?parent=1449"}],"wp:term":[{"taxonomy":"product_brand","embeddable":true,"href":"https:\/\/adamspolishes.pl\/lv\/wp-json\/wp\/v2\/product_brand?post=1449"},{"taxonomy":"product_cat","embeddable":true,"href":"https:\/\/adamspolishes.pl\/lv\/wp-json\/wp\/v2\/product_cat?post=1449"},{"taxonomy":"product_tag","embeddable":true,"href":"https:\/\/adamspolishes.pl\/lv\/wp-json\/wp\/v2\/product_tag?post=1449"}],"curies":[{"name":"wp","href":"https:\/\/api.w.org\/{rel}","templated":true}]}}