{"id":1499,"date":"2025-03-14T09:43:48","date_gmt":"2025-03-14T09:43:48","guid":{"rendered":"http:\/\/adamspolishes.pl\/?post_type=product&#038;p=1499"},"modified":"2025-07-15T08:26:48","modified_gmt":"2025-07-15T08:26:48","slug":"ceramic-coating-wax","status":"publish","type":"product","link":"https:\/\/adamspolishes.pl\/lv\/p\/ceramic-coating-wax\/","title":{"rendered":"Ceramic Coating Wax"},"content":{"rendered":"<p>Wosk Ceramiczny firmy Adam\u2019s [<em>Ceramic Coating Wax<\/em>]<\/p>\n<p>Wosk ceramiczny powraca \u2013 pe\u0142en kwarcu i w postaci pasty! Zastosuj ten produkt, aby wyd\u0142u\u017cy\u0107 \u017cywotno\u015b\u0107 pow\u0142oki ceramicznej lub jako samodzieln\u0105 ochron\u0119.<\/p>\n<ul>\n<li>\u00a0Wosk ceramiczny w postaci pasty o podwy\u017cszonym st\u0119\u017ceniu SiO<sub>2 35%<\/sub><\/li>\n<li>\u00a0Do stosowania na pojazdach z pow\u0142ok\u0105 ceramiczn\u0105 i bez<\/li>\n<li>\u00a0\u0141atwe nak\u0142adanie i \u0142atwe usuwanie<\/li>\n<li>\u00a0Tylko do u\u017cytku r\u0119cznego<\/li>\n<li>\u00a0Nawet dwa razy d\u0142u\u017csza trwa\u0142o\u015b\u0107 ni\u017c przy zastosowaniu wosku z palmy carnauba<\/li>\n<\/ul>\n<p>\u00a0<\/p>","protected":false},"excerpt":{"rendered":"<p>Wosk Ceramiczny firmy Adam\u2019s [Ceramic Coating Wax] Wosk ceramiczny powraca \u2013 pe\u0142en kwarcu i w postaci pasty! Zastosuj ten produkt, aby wyd\u0142u\u017cy\u0107 \u017cywotno\u015b\u0107 pow\u0142oki ceramicznej lub jako samodzieln\u0105 ochron\u0119. \u00a0Wosk ceramiczny w postaci pasty o podwy\u017cszonym st\u0119\u017ceniu SiO2 35% \u00a0Do stosowania na pojazdach z pow\u0142ok\u0105 ceramiczn\u0105 i bez \u00a0\u0141atwe nak\u0142adanie i \u0142atwe usuwanie \u00a0Tylko do [&hellip;]<\/p>","protected":false},"featured_media":1201,"comment_status":"open","ping_status":"closed","template":"","meta":[],"product_brand":[],"product_cat":[41],"product_tag":[],"class_list":{"0":"post-1499","1":"product","2":"type-product","3":"status-publish","4":"has-post-thumbnail","6":"product_cat-ceramika","8":"first","9":"outofstock","10":"taxable","11":"shipping-taxable","12":"purchasable","13":"product-type-simple"},"bundled_by":[],"bundle_stock_status":"outofstock","bundle_stock_quantity":null,"bundle_virtual":false,"bundle_layout":"","bundle_add_to_cart_form_location":"","bundle_editable_in_cart":false,"bundle_sold_individually_context":"","bundle_item_grouping":"","bundle_min_size":"","bundle_max_size":"","bundle_price":[],"bundled_items":[],"bundle_sell_ids":[],"jetpack_sharing_enabled":true,"_links":{"self":[{"href":"https:\/\/adamspolishes.pl\/lv\/wp-json\/wp\/v2\/product\/1499","targetHints":{"allow":["GET"]}}],"collection":[{"href":"https:\/\/adamspolishes.pl\/lv\/wp-json\/wp\/v2\/product"}],"about":[{"href":"https:\/\/adamspolishes.pl\/lv\/wp-json\/wp\/v2\/types\/product"}],"replies":[{"embeddable":true,"href":"https:\/\/adamspolishes.pl\/lv\/wp-json\/wp\/v2\/comments?post=1499"}],"wp:featuredmedia":[{"embeddable":true,"href":"https:\/\/adamspolishes.pl\/lv\/wp-json\/wp\/v2\/media\/1201"}],"wp:attachment":[{"href":"https:\/\/adamspolishes.pl\/lv\/wp-json\/wp\/v2\/media?parent=1499"}],"wp:term":[{"taxonomy":"product_brand","embeddable":true,"href":"https:\/\/adamspolishes.pl\/lv\/wp-json\/wp\/v2\/product_brand?post=1499"},{"taxonomy":"product_cat","embeddable":true,"href":"https:\/\/adamspolishes.pl\/lv\/wp-json\/wp\/v2\/product_cat?post=1499"},{"taxonomy":"product_tag","embeddable":true,"href":"https:\/\/adamspolishes.pl\/lv\/wp-json\/wp\/v2\/product_tag?post=1499"}],"curies":[{"name":"wp","href":"https:\/\/api.w.org\/{rel}","templated":true}]}}