{"id":1539,"date":"2025-03-14T09:44:02","date_gmt":"2025-03-14T09:44:02","guid":{"rendered":"http:\/\/adamspolishes.pl\/?post_type=product&#038;p=1539"},"modified":"2025-08-07T11:04:00","modified_gmt":"2025-08-07T11:04:00","slug":"graphene-tire-dressing-3-78-l","status":"publish","type":"product","link":"https:\/\/adamspolishes.pl\/lv\/p\/graphene-tire-dressing-3-78-l\/","title":{"rendered":"Adam&#8217;s Graphene Tire Dressing 3.78 l"},"content":{"rendered":"<p class=\"p1\">Je\u015bli szukasz g\u0142\u0119bokiej, czarnej opony o wygl\u0105dzie jak nowa \u2013 bez nadmiernego po\u0142ysku \u2013 <span class=\"s1\"><b>Graphene Tire Dressing\u2122<\/b><\/span>jest w\u0142a\u015bnie dla Ciebie.<\/p>\n<p class=\"p1\">To obowi\u0105zkowy produkt dla tych, kt\u00f3rzy nie chc\u0105 efektu mokrej opony, lecz chc\u0105 utrzyma\u0107 satynowy wygl\u0105d jak najd\u0142u\u017cej, bez ryzyka rozpryskiwania si\u0119 preparatu podczas jazdy.<\/p>\n<p class=\"p3\"><b>Cechy produktu:<\/b><b><\/b><\/p>\n<p class=\"p4\">\u2022 Zawiera grafenowe \u017cywice ceramiczne<\/p>\n<p class=\"p4\">\u2022 Zapewnia wyj\u0105tkowo trwa\u0142y efekt opony \u201ejak nowej\u201d<\/p>\n<p class=\"p4\">\u2022 Formu\u0142a bez rozpryskiwania (no-sling)<\/p>\n<p class=\"p4\">\u2022 Doskonale sprawdza si\u0119 na du\u017cych blokach bie\u017cnika<\/p>\n<p class=\"p4\">\u2022 Zapach arbuza i owoc\u00f3w<\/p>\n<p>&nbsp;<\/p>\n<p><iframe title=\"Adam&#039;s Polishes Graphene Tire Dressing\" width=\"800\" height=\"450\" src=\"https:\/\/www.youtube.com\/embed\/A769nbF3RWg?feature=oembed\" frameborder=\"0\" allow=\"accelerometer; autoplay; clipboard-write; encrypted-media; gyroscope; picture-in-picture; web-share\" referrerpolicy=\"strict-origin-when-cross-origin\" allowfullscreen><\/iframe><\/p>","protected":false},"excerpt":{"rendered":"<p>Je\u015bli szukasz g\u0142\u0119bokiej, czarnej opony o wygl\u0105dzie jak nowa \u2013 bez nadmiernego po\u0142ysku \u2013 Graphene Tire Dressing\u2122jest w\u0142a\u015bnie dla Ciebie. To obowi\u0105zkowy produkt dla tych, kt\u00f3rzy nie chc\u0105 efektu mokrej opony, lecz chc\u0105 utrzyma\u0107 satynowy wygl\u0105d jak najd\u0142u\u017cej, bez ryzyka rozpryskiwania si\u0119 preparatu podczas jazdy. Cechy produktu: \u2022 Zawiera grafenowe \u017cywice ceramiczne \u2022 Zapewnia wyj\u0105tkowo [&hellip;]<\/p>","protected":false},"featured_media":1221,"comment_status":"open","ping_status":"closed","template":"","meta":[],"product_brand":[],"product_cat":[47,42],"product_tag":[],"class_list":{"0":"post-1539","1":"product","2":"type-product","3":"status-publish","4":"has-post-thumbnail","6":"product_cat-graphene","7":"product_cat-zewnetrzne","9":"first","10":"instock","11":"taxable","12":"shipping-taxable","13":"purchasable","14":"product-type-simple"},"bundled_by":[],"bundle_stock_status":"instock","bundle_stock_quantity":4,"bundle_virtual":false,"bundle_layout":"","bundle_add_to_cart_form_location":"","bundle_editable_in_cart":false,"bundle_sold_individually_context":"","bundle_item_grouping":"","bundle_min_size":"","bundle_max_size":"","bundle_price":[],"bundled_items":[],"bundle_sell_ids":[],"jetpack_sharing_enabled":true,"_links":{"self":[{"href":"https:\/\/adamspolishes.pl\/lv\/wp-json\/wp\/v2\/product\/1539","targetHints":{"allow":["GET"]}}],"collection":[{"href":"https:\/\/adamspolishes.pl\/lv\/wp-json\/wp\/v2\/product"}],"about":[{"href":"https:\/\/adamspolishes.pl\/lv\/wp-json\/wp\/v2\/types\/product"}],"replies":[{"embeddable":true,"href":"https:\/\/adamspolishes.pl\/lv\/wp-json\/wp\/v2\/comments?post=1539"}],"wp:featuredmedia":[{"embeddable":true,"href":"https:\/\/adamspolishes.pl\/lv\/wp-json\/wp\/v2\/media\/1221"}],"wp:attachment":[{"href":"https:\/\/adamspolishes.pl\/lv\/wp-json\/wp\/v2\/media?parent=1539"}],"wp:term":[{"taxonomy":"product_brand","embeddable":true,"href":"https:\/\/adamspolishes.pl\/lv\/wp-json\/wp\/v2\/product_brand?post=1539"},{"taxonomy":"product_cat","embeddable":true,"href":"https:\/\/adamspolishes.pl\/lv\/wp-json\/wp\/v2\/product_cat?post=1539"},{"taxonomy":"product_tag","embeddable":true,"href":"https:\/\/adamspolishes.pl\/lv\/wp-json\/wp\/v2\/product_tag?post=1539"}],"curies":[{"name":"wp","href":"https:\/\/api.w.org\/{rel}","templated":true}]}}