{"id":1561,"date":"2025-03-14T09:45:03","date_gmt":"2025-03-14T09:45:03","guid":{"rendered":"http:\/\/adamspolishes.pl\/?post_type=product&#038;p=1561"},"modified":"2025-10-27T09:50:31","modified_gmt":"2025-10-27T09:50:31","slug":"spray-wax-473-ml","status":"publish","type":"product","link":"https:\/\/adamspolishes.pl\/lv\/p\/spray-wax-473-ml\/","title":{"rendered":"Spray Wax 473 ml"},"content":{"rendered":"<p>Wosk w sprayu firmy Adam\u2019s [<em>Spray Wax<\/em>]<\/p>\n<p>Kiedy opracowywali\u015bmy ten produkt, chcieli\u015bmy osi\u0105gn\u0105\u0107 co\u015b, co by\u0142oby tak \u0142atwe w u\u017cyciu, jak nasz bezwodny \u015brodek myj\u0105cy [Waterless Wash] lub spray do detalingu [Detail Spray], ale z dodatkiem kolejnego poziomu ochrony dla naszych klient\u00f3w. Ten \u0142atwy w u\u017cyciu wosk w sprayu zapewnia po\u0142ysk bez smug oraz dodaje naszym samochodom blasku salonu, kt\u00f3ry wszyscy tak lubimy.<\/p>\n<ul>\n<li>\u00a0Mo\u017cna stosowa\u0107 na wszystkich powierzchniach zewn\u0119trznych<\/li>\n<li>\u00a0Dodaje ochron\u0119 i blask za jednym zamachem<\/li>\n<li>\u00a0Przed\u0142u\u017ca \u017cywotno\u015b\u0107 ju\u017c posiadanej ochrony lub mo\u017cna u\u017cywa\u0107 jako jedyn\u0105 ochron\u0119<\/li>\n<li>\u00a0Kolor magenta, zapach malinowy<\/li>\n<li>\u00a0Wyprodukowano w USA<\/li>\n<\/ul>","protected":false},"excerpt":{"rendered":"<p>Wosk w sprayu firmy Adam\u2019s [Spray Wax] Kiedy opracowywali\u015bmy ten produkt, chcieli\u015bmy osi\u0105gn\u0105\u0107 co\u015b, co by\u0142oby tak \u0142atwe w u\u017cyciu, jak nasz bezwodny \u015brodek myj\u0105cy [Waterless Wash] lub spray do detalingu [Detail Spray], ale z dodatkiem kolejnego poziomu ochrony dla naszych klient\u00f3w. Ten \u0142atwy w u\u017cyciu wosk w sprayu zapewnia po\u0142ysk bez smug oraz dodaje [&hellip;]<\/p>","protected":false},"featured_media":1230,"comment_status":"open","ping_status":"closed","template":"","meta":[],"product_brand":[],"product_cat":[42],"product_tag":[],"class_list":{"0":"post-1561","1":"product","2":"type-product","3":"status-publish","4":"has-post-thumbnail","6":"product_cat-zewnetrzne","8":"first","9":"outofstock","10":"taxable","11":"shipping-taxable","12":"purchasable","13":"product-type-simple"},"bundled_by":[],"bundle_stock_status":"outofstock","bundle_stock_quantity":null,"bundle_virtual":false,"bundle_layout":"","bundle_add_to_cart_form_location":"","bundle_editable_in_cart":false,"bundle_sold_individually_context":"","bundle_item_grouping":"","bundle_min_size":"","bundle_max_size":"","bundle_price":[],"bundled_items":[],"bundle_sell_ids":[],"jetpack_sharing_enabled":true,"_links":{"self":[{"href":"https:\/\/adamspolishes.pl\/lv\/wp-json\/wp\/v2\/product\/1561","targetHints":{"allow":["GET"]}}],"collection":[{"href":"https:\/\/adamspolishes.pl\/lv\/wp-json\/wp\/v2\/product"}],"about":[{"href":"https:\/\/adamspolishes.pl\/lv\/wp-json\/wp\/v2\/types\/product"}],"replies":[{"embeddable":true,"href":"https:\/\/adamspolishes.pl\/lv\/wp-json\/wp\/v2\/comments?post=1561"}],"wp:featuredmedia":[{"embeddable":true,"href":"https:\/\/adamspolishes.pl\/lv\/wp-json\/wp\/v2\/media\/1230"}],"wp:attachment":[{"href":"https:\/\/adamspolishes.pl\/lv\/wp-json\/wp\/v2\/media?parent=1561"}],"wp:term":[{"taxonomy":"product_brand","embeddable":true,"href":"https:\/\/adamspolishes.pl\/lv\/wp-json\/wp\/v2\/product_brand?post=1561"},{"taxonomy":"product_cat","embeddable":true,"href":"https:\/\/adamspolishes.pl\/lv\/wp-json\/wp\/v2\/product_cat?post=1561"},{"taxonomy":"product_tag","embeddable":true,"href":"https:\/\/adamspolishes.pl\/lv\/wp-json\/wp\/v2\/product_tag?post=1561"}],"curies":[{"name":"wp","href":"https:\/\/api.w.org\/{rel}","templated":true}]}}