{"id":1635,"date":"2025-03-14T09:50:17","date_gmt":"2025-03-14T09:50:17","guid":{"rendered":"http:\/\/adamspolishes.pl\/?post_type=product&#038;p=1635"},"modified":"2025-10-27T09:33:10","modified_gmt":"2025-10-27T09:33:10","slug":"seal-02-473-ml","status":"publish","type":"product","link":"https:\/\/adamspolishes.pl\/lv\/p\/seal-02-473-ml\/","title":{"rendered":"Seal 02 473 ml"},"content":{"rendered":"<p>Dwuetapowy zestaw do mycia samochodu firmy Adam&#8217;s [Seal 02]\u00a0<\/p>\n<p>sprzedawane oddzielnie<\/p>\n<p>Adam\u2019s wprowadza wygod\u0119 szybkiego, ekspresowego systemu mycia Twojego samochodu! \u00a0aby wykorzysta\u0107 gotowe do u\u017cycia technologie (RTU), \u00a0konserwacja Twojego pojazdu jest\u00a0\u00a0szybsza i jeszcze prostsza!<\/p>\n<p>Piana 01<\/p>\n<p>W sk\u0142ad naszego prostego, dwuetapowego systemu wchodz\u0105: silnie pieni\u0105ca piana do mycia, kt\u00f3rej zadaniem jest odt\u0142uszczanie , usuwanie zabrudze\u0144 takich jak kurz, b\u0142oto a nawet owady (Adam&#8217;s Foam \u2013 01), po kt\u00f3rym stosujemy Seal 02<span class=\"Apple-converted-space\">\u00a0 <\/span>\u015brodek wspomagaj\u0105cy suszenie, nadaje wysoki po\u0142ysk, g\u0142adko\u015b\u0107 i hydrofobowo\u015b\u0107 (Adam&#8217;s Seal \u2013 02).<span class=\"Apple-converted-space\">\u00a0 <\/span>Combo Adam\u2019s Foam i Adam\u2019s Seal, zapewni widoczne efekty, jakie kiedykolwiek uda\u0142o si\u0119 wam uzyska\u0107 podczas szybkiego, rutynowego mycia samochodu. <span class=\"Apple-converted-space\">\u00a0<\/span><\/p>\n<ul>\n<li>Krok 1 z 2: foam 01<span class=\"Apple-converted-space\">\u00a0<\/span><\/li>\n<li>B\u0142yskawicznie rozpuszcza zanieczyszczenia z drogi, uporczywy i t\u0142usty brud ,kurz, owady<\/li>\n<li>Gotowe do u\u017cycia \u2013<span class=\"Apple-converted-space\">\u00a0 <\/span>z pianownic\u0105<span class=\"Apple-converted-space\">\u00a0 <\/span>lub bezpo\u015brednio do zamontowania w<span class=\"Apple-converted-space\">\u00a0 <\/span>wytwornicy piany (Adam\u2019s Premium Foam Cannon) i Pistolecie Panowym (Adam\u2019s Premium Foam Gun)<span class=\"Apple-converted-space\">\u00a0<\/span><\/li>\n<li>Kolor: b\u0142\u0119kit &amp; ziele\u0144 o zapachu limonowo eukaliptusowym<\/li>\n<\/ul>\n<p>\u00a0<\/p>\n<p>Krok 2 z 2 Seal 02<\/p>\n<ul>\n<li>Wspomaga suszenie\u00a0<\/li>\n<li>Nadaje wysoki po\u0142ysk, g\u0142adko\u015b\u0107 i hydrofobowo\u015b\u0107<\/li>\n<li>wydobywa g\u0142\u0119bie koloru<span class=\"Apple-converted-space\">\u00a0<\/span><\/li>\n<li>Gotowe do u\u017cycia \u2013<span class=\"Apple-converted-space\">\u00a0 <\/span>z pianownic\u0105 lub bezpo\u015brednio do zamontowania w<span class=\"Apple-converted-space\">\u00a0 <\/span>wytwornicy piany (Adam\u2019s Premium Foam Cannon) i Pistolecie Panowym (Adam\u2019s Premium Foam Gun)<span class=\"Apple-converted-space\">\u00a0<\/span><\/li>\n<li>Kolor turkusowy b\u0142\u0119kit o zapachu truskawek<\/li>\n<\/ul>","protected":false},"excerpt":{"rendered":"<p>Dwuetapowy zestaw do mycia samochodu firmy Adam&#8217;s [Seal 02]\u00a0 sprzedawane oddzielnie Adam\u2019s wprowadza wygod\u0119 szybkiego, ekspresowego systemu mycia Twojego samochodu! \u00a0aby wykorzysta\u0107 gotowe do u\u017cycia technologie (RTU), \u00a0konserwacja Twojego pojazdu jest\u00a0\u00a0szybsza i jeszcze prostsza! Piana 01 W sk\u0142ad naszego prostego, dwuetapowego systemu wchodz\u0105: silnie pieni\u0105ca piana do mycia, kt\u00f3rej zadaniem jest odt\u0142uszczanie , usuwanie zabrudze\u0144 [&hellip;]<\/p>","protected":false},"featured_media":0,"comment_status":"open","ping_status":"closed","template":"","meta":[],"product_brand":[],"product_cat":[42],"product_tag":[],"class_list":{"0":"post-1635","1":"product","2":"type-product","3":"status-publish","5":"product_cat-zewnetrzne","7":"first","8":"outofstock","9":"taxable","10":"shipping-taxable","11":"purchasable","12":"product-type-simple"},"bundled_by":[],"bundle_stock_status":"outofstock","bundle_stock_quantity":null,"bundle_virtual":false,"bundle_layout":"","bundle_add_to_cart_form_location":"","bundle_editable_in_cart":false,"bundle_sold_individually_context":"","bundle_item_grouping":"","bundle_min_size":"","bundle_max_size":"","bundle_price":[],"bundled_items":[],"bundle_sell_ids":[],"jetpack_sharing_enabled":true,"_links":{"self":[{"href":"https:\/\/adamspolishes.pl\/lv\/wp-json\/wp\/v2\/product\/1635","targetHints":{"allow":["GET"]}}],"collection":[{"href":"https:\/\/adamspolishes.pl\/lv\/wp-json\/wp\/v2\/product"}],"about":[{"href":"https:\/\/adamspolishes.pl\/lv\/wp-json\/wp\/v2\/types\/product"}],"replies":[{"embeddable":true,"href":"https:\/\/adamspolishes.pl\/lv\/wp-json\/wp\/v2\/comments?post=1635"}],"wp:attachment":[{"href":"https:\/\/adamspolishes.pl\/lv\/wp-json\/wp\/v2\/media?parent=1635"}],"wp:term":[{"taxonomy":"product_brand","embeddable":true,"href":"https:\/\/adamspolishes.pl\/lv\/wp-json\/wp\/v2\/product_brand?post=1635"},{"taxonomy":"product_cat","embeddable":true,"href":"https:\/\/adamspolishes.pl\/lv\/wp-json\/wp\/v2\/product_cat?post=1635"},{"taxonomy":"product_tag","embeddable":true,"href":"https:\/\/adamspolishes.pl\/lv\/wp-json\/wp\/v2\/product_tag?post=1635"}],"curies":[{"name":"wp","href":"https:\/\/api.w.org\/{rel}","templated":true}]}}