{"id":1639,"date":"2025-03-14T09:50:26","date_gmt":"2025-03-14T09:50:26","guid":{"rendered":"http:\/\/adamspolishes.pl\/?post_type=product&#038;p=1639"},"modified":"2026-04-15T13:06:18","modified_gmt":"2026-04-15T13:06:18","slug":"graphene-detail-spray-473-ml","status":"publish","type":"product","link":"https:\/\/adamspolishes.pl\/lv\/p\/graphene-detail-spray-473-ml\/","title":{"rendered":"Adam&#8217;s Graphene Detail Spray 473 ml"},"content":{"rendered":"<p class=\"p1\"><span class=\"s1\"><b>Graphene Detail Spray\u2122<\/b><\/span> zosta\u0142 opracowany na bazie naszego najbardziej kultowego i wszechstronnego produktu \u2013 <span class=\"s1\"><b>Adam\u2019s Detail Spray<\/b><\/span>!<\/p>\n<p class=\"p1\">Wystarczy spryska\u0107 i przetrze\u0107, aby uzyska\u0107 bezsmugowe, ol\u015bniewaj\u0105ce wyko\u0144czenie, wzbogacone o dodatkow\u0105 \u015blisko\u015b\u0107, po\u0142ysk, g\u0142\u0119bi\u0119 koloru oraz intensywne perlenie wody.<\/p>\n<p class=\"p1\">Dzi\u0119ki wyj\u0105tkowym w\u0142a\u015bciwo\u015bciom tlenku grafenu mogli\u015bmy wprowadzi\u0107 te same \u017cywice, kt\u00f3re znajduj\u0105 si\u0119 w naszych produktach <span class=\"s1\"><b>Graphene Ceramic Coating\u2122<\/b><\/span> i <span class=\"s1\"><b>Graphene Ceramic Spray Coating\u2122<\/b><\/span>, bezpo\u015brednio do system\u00f3w na bazie wody, takich jak <span class=\"s1\"><b>Adam\u2019s Detail Spray<\/b><\/span>!<\/p>\n<p class=\"p1\">Ta dodatkowa funkcjonalno\u015b\u0107 pozwala <span class=\"s1\"><b>Graphene Detail Spray\u2122<\/b><\/span> na wyd\u0142u\u017cenie trwa\u0142o\u015bci dowolnych wosk\u00f3w, sealant\u00f3w, a nawet pow\u0142ok ceramicznych lub na samodzielne pe\u0142nienie roli warstwy ochronnej.<\/p>\n<p class=\"p1\">W przeciwie\u0144stwie do <span class=\"s1\"><b>Adam\u2019s CS3<\/b><\/span>, <span class=\"s1\"><b>Graphene Detail Spray\u2122<\/b><\/span> najlepiej sprawdza si\u0119 na czystej, \u015bwie\u017co umytej powierzchni i nie jest przeznaczony do stosowania jako \u015brodek do mycia bez u\u017cycia wody.<\/p>\n<p class=\"p3\"><b>Cechy produktu:<\/b><b><\/b><\/p>\n<p class=\"p4\">\u2022 Zawiera grafenowe \u017cywice ceramiczne<\/p>\n<p class=\"p4\">\u2022 Wzmacnia po\u0142ysk, \u015blisko\u015b\u0107 i g\u0142\u0119bi\u0119 koloru<\/p>\n<p class=\"p4\">\u2022 Tworzy wysoko hydrofobow\u0105 powierzchni\u0119<\/p>\n<p class=\"p4\">\u2022 Przed\u0142u\u017ca ochron\u0119 wosk\u00f3w, sealant\u00f3w i pow\u0142ok<\/p>\n<p class=\"p4\">\u2022 \u0141atwe, bezsmugowe wyko\u0144czenie \u2013 bezpieczne dla wszystkich powierzchni<\/p>\n<p class=\"p4\">\u2022 Zapach r\u00f3\u017cowej marakui<\/p>\n<p><iframe title=\"Adam&#039;s Polishes Graphene Detail Spray\" width=\"800\" height=\"450\" src=\"https:\/\/www.youtube.com\/embed\/lSgS28O5agc?start=1&#038;feature=oembed\" frameborder=\"0\" allow=\"accelerometer; autoplay; clipboard-write; encrypted-media; gyroscope; picture-in-picture; web-share\" referrerpolicy=\"strict-origin-when-cross-origin\" allowfullscreen><\/iframe><\/p>\n<p>&nbsp;<\/p>","protected":false},"excerpt":{"rendered":"<p class=\"p1\"><span class=\"s1\"><b>Graphene Detail Spray\u2122<\/b><\/span> zosta\u0142 opracowany na bazie naszego najbardziej kultowego i wszechstronnego produktu \u2013 <span class=\"s1\"><b>Adam\u2019s Detail Spray<\/b><\/span>!<\/p>\n<p class=\"p1\">Wystarczy spryska\u0107 i przetrze\u0107, aby uzyska\u0107 bezsmugowe, ol\u015bniewaj\u0105ce wyko\u0144czenie, wzbogacone o dodatkow\u0105 \u015blisko\u015b\u0107, po\u0142ysk, g\u0142\u0119bi\u0119 koloru oraz intensywne perlenie wody.<\/p>","protected":false},"featured_media":1337,"comment_status":"open","ping_status":"closed","template":"","meta":[],"product_brand":[],"product_cat":[47,40,42],"product_tag":[],"class_list":{"0":"post-1639","1":"product","2":"type-product","3":"status-publish","4":"has-post-thumbnail","6":"product_cat-graphene","7":"product_cat-wszystkie-produkty","8":"product_cat-zewnetrzne","10":"first","11":"instock","12":"taxable","13":"shipping-taxable","14":"purchasable","15":"product-type-simple"},"bundled_by":["2801"],"bundle_stock_status":"instock","bundle_stock_quantity":136,"bundle_virtual":false,"bundle_layout":"","bundle_add_to_cart_form_location":"","bundle_editable_in_cart":false,"bundle_sold_individually_context":"","bundle_item_grouping":"","bundle_min_size":"","bundle_max_size":"","bundle_price":[],"bundled_items":[],"bundle_sell_ids":[],"jetpack_sharing_enabled":true,"_links":{"self":[{"href":"https:\/\/adamspolishes.pl\/lv\/wp-json\/wp\/v2\/product\/1639","targetHints":{"allow":["GET"]}}],"collection":[{"href":"https:\/\/adamspolishes.pl\/lv\/wp-json\/wp\/v2\/product"}],"about":[{"href":"https:\/\/adamspolishes.pl\/lv\/wp-json\/wp\/v2\/types\/product"}],"replies":[{"embeddable":true,"href":"https:\/\/adamspolishes.pl\/lv\/wp-json\/wp\/v2\/comments?post=1639"}],"wp:featuredmedia":[{"embeddable":true,"href":"https:\/\/adamspolishes.pl\/lv\/wp-json\/wp\/v2\/media\/1337"}],"wp:attachment":[{"href":"https:\/\/adamspolishes.pl\/lv\/wp-json\/wp\/v2\/media?parent=1639"}],"wp:term":[{"taxonomy":"product_brand","embeddable":true,"href":"https:\/\/adamspolishes.pl\/lv\/wp-json\/wp\/v2\/product_brand?post=1639"},{"taxonomy":"product_cat","embeddable":true,"href":"https:\/\/adamspolishes.pl\/lv\/wp-json\/wp\/v2\/product_cat?post=1639"},{"taxonomy":"product_tag","embeddable":true,"href":"https:\/\/adamspolishes.pl\/lv\/wp-json\/wp\/v2\/product_tag?post=1639"}],"curies":[{"name":"wp","href":"https:\/\/api.w.org\/{rel}","templated":true}]}}