{"id":1651,"date":"2025-03-14T09:51:12","date_gmt":"2025-03-14T09:51:12","guid":{"rendered":"http:\/\/adamspolishes.pl\/?post_type=product&#038;p=1651"},"modified":"2026-04-29T10:18:39","modified_gmt":"2026-04-29T10:18:39","slug":"graphene-ceramic-spray-coating-advanced-355-ml","status":"publish","type":"product","link":"https:\/\/adamspolishes.pl\/lv\/p\/graphene-ceramic-spray-coating-advanced-355-ml\/","title":{"rendered":"Adam&#8217;s Graphene Ceramic Spray Coating Advanced 355 ml"},"content":{"rendered":"<p class=\"p1\"><span class=\"s1\"><b>Adam\u2019s Graphene Ceramic Spray Coating\u2122 Advanced<\/b><\/span> to \u0142atwy w u\u017cyciu pow\u0142oka ceramiczna, kt\u00f3rej aplikacj\u0119 mo\u017cna kontrolowa\u0107 za pomoc\u0105 latarki UV Adam\u2019s i opatentowanej technologii <span class=\"s1\"><b>UV Tracer Technology\u2122<\/b><\/span>.<\/p>\n<p class=\"p1\">Produkt ten zapewnia d\u0142ugotrwa\u0142y efekt samoczyszcz\u0105cy dla powierzchni lakierowanych (zar\u00f3wno jednoetapowych, jak i lakierowanych bezbarwnie), szyb, plastikowych element\u00f3w, poliw\u0119glanu, gumowych uszczelek oraz felg \u2013 wszystko przy u\u017cyciu jednej butelki.<\/p>\n<p class=\"p3\"><b>Cechy produktu:<\/b><b><\/b><\/p>\n<p class=\"p4\">\u2022 Mniejsza podatno\u015b\u0107 na powstawanie plam wodnych<\/p>\n<p class=\"p4\">\u2022 Ni\u017cszy k\u0105t sp\u0142ywu \u2013 woda odp\u0142ywa przy k\u0105cie mniejszym ni\u017c 10\u201315\u00b0<\/p>\n<p class=\"p4\">\u2022 Wy\u017cszy k\u0105t kontaktu \u2013 \u015brednio 110\u2013118\u00b0<\/p>\n<p class=\"p4\">\u2022 Wy\u017csza odporno\u015b\u0107 na zabrudzenia od owad\u00f3w, \u017cywicy, ptasich odchod\u00f3w itp.<\/p>\n<p class=\"p4\">\u2022 Lepsza odporno\u015b\u0107 na zarysowania i uszkodzenia podczas mycia<\/p>\n<p class=\"p4\">\u2022 \u0141atwiejsza aplikacja, wi\u0119ksza \u015blisko\u015b\u0107 i po\u0142ysk w por\u00f3wnaniu do tradycyjnych pow\u0142ok ceramicznych<\/p>\n<p class=\"p4\">\u2022 O 100% wi\u0119cej \u017cywicy ochronnej ni\u017c w <span class=\"s1\"><b>Graphene Ceramic Spray Coating\u2122<\/b><b><\/b><\/span><\/p>\n<p class=\"p4\">\u2022 Dodaje 12\u201318 miesi\u0119cy ochrony ceramicznej w zaledwie kilka minut<\/p>\n<p>&nbsp;<\/p>\n<p><iframe title=\"How To Apply Adam&#039;s Graphene Ceramic Spray Coating Advanced\" width=\"800\" height=\"450\" src=\"https:\/\/www.youtube.com\/embed\/03L-AN8CL_I?feature=oembed\" frameborder=\"0\" allow=\"accelerometer; autoplay; clipboard-write; encrypted-media; gyroscope; picture-in-picture; web-share\" referrerpolicy=\"strict-origin-when-cross-origin\" allowfullscreen><\/iframe><\/p>","protected":false},"excerpt":{"rendered":"<p>Adam\u2019s Graphene Ceramic Spray Coating\u2122 Advanced to \u0142atwy w u\u017cyciu pow\u0142oka ceramiczna, kt\u00f3rej aplikacj\u0119 mo\u017cna kontrolowa\u0107 za pomoc\u0105 latarki UV Adam\u2019s i opatentowanej technologii UV Tracer Technology\u2122. Produkt ten zapewnia d\u0142ugotrwa\u0142y efekt samoczyszcz\u0105cy dla powierzchni lakierowanych (zar\u00f3wno jednoetapowych, jak i lakierowanych bezbarwnie), szyb, plastikowych element\u00f3w, poliw\u0119glanu, gumowych uszczelek oraz felg \u2013 wszystko przy u\u017cyciu jednej [&hellip;]<\/p>","protected":false},"featured_media":1374,"comment_status":"open","ping_status":"closed","template":"","meta":[],"product_brand":[],"product_cat":[41,47,40],"product_tag":[],"class_list":{"0":"post-1651","1":"product","2":"type-product","3":"status-publish","4":"has-post-thumbnail","6":"product_cat-ceramika","7":"product_cat-graphene","8":"product_cat-wszystkie-produkty","10":"first","11":"instock","12":"taxable","13":"shipping-taxable","14":"purchasable","15":"product-type-simple"},"bundled_by":[],"bundle_stock_status":"instock","bundle_stock_quantity":28,"bundle_virtual":false,"bundle_layout":"","bundle_add_to_cart_form_location":"","bundle_editable_in_cart":false,"bundle_sold_individually_context":"","bundle_item_grouping":"","bundle_min_size":"","bundle_max_size":"","bundle_price":[],"bundled_items":[],"bundle_sell_ids":[],"jetpack_sharing_enabled":true,"_links":{"self":[{"href":"https:\/\/adamspolishes.pl\/lv\/wp-json\/wp\/v2\/product\/1651","targetHints":{"allow":["GET"]}}],"collection":[{"href":"https:\/\/adamspolishes.pl\/lv\/wp-json\/wp\/v2\/product"}],"about":[{"href":"https:\/\/adamspolishes.pl\/lv\/wp-json\/wp\/v2\/types\/product"}],"replies":[{"embeddable":true,"href":"https:\/\/adamspolishes.pl\/lv\/wp-json\/wp\/v2\/comments?post=1651"}],"wp:featuredmedia":[{"embeddable":true,"href":"https:\/\/adamspolishes.pl\/lv\/wp-json\/wp\/v2\/media\/1374"}],"wp:attachment":[{"href":"https:\/\/adamspolishes.pl\/lv\/wp-json\/wp\/v2\/media?parent=1651"}],"wp:term":[{"taxonomy":"product_brand","embeddable":true,"href":"https:\/\/adamspolishes.pl\/lv\/wp-json\/wp\/v2\/product_brand?post=1651"},{"taxonomy":"product_cat","embeddable":true,"href":"https:\/\/adamspolishes.pl\/lv\/wp-json\/wp\/v2\/product_cat?post=1651"},{"taxonomy":"product_tag","embeddable":true,"href":"https:\/\/adamspolishes.pl\/lv\/wp-json\/wp\/v2\/product_tag?post=1651"}],"curies":[{"name":"wp","href":"https:\/\/api.w.org\/{rel}","templated":true}]}}