{"id":2447,"date":"2025-04-28T10:33:50","date_gmt":"2025-04-28T10:33:50","guid":{"rendered":"https:\/\/adamspolishes.pl\/?post_type=product&#038;p=2447"},"modified":"2026-03-25T22:10:46","modified_gmt":"2026-03-25T22:10:46","slug":"adams-graphene-cs3","status":"publish","type":"product","link":"https:\/\/adamspolishes.pl\/lv\/p\/adams-graphene-cs3\/","title":{"rendered":"Adam&#8217;s Graphene CS3\u2122 473 ml"},"content":{"rendered":"","protected":false},"excerpt":{"rendered":"<p class=\"p1\"><span class=\"s1\"><b>Graphene CS3\u2122<\/b><\/span> to nowoczesna wersja aktywnego, trzyfunkcyjnego detailera do mycia bez u\u017cycia wody.<\/p>\n<p class=\"p1\">Produkt zosta\u0142 zaprojektowany, aby bez wysi\u0142ku zapewnia\u0107 czyst\u0105, wyko\u0144czon\u0105 powierzchni\u0119, generowa\u0107 intensywny po\u0142ysk oraz chroni\u0107 dzi\u0119ki zastosowaniu najnowszych technologii grafenowo-ceramicznych i \u017cywic krzemionkowych.<\/p>\n<p class=\"p1\">Formu\u0142a mycia bezwodnego, wzbogacona tlenkiem grafenu, umo\u017cliwia delikatne, bezpieczne i skuteczne usuwanie brudu, kurzu, t\u0142uszczu i innych zanieczyszcze\u0144, nie pozostawiaj\u0105c przy tym \u017cadnych smug.<\/p>\n<p class=\"p3\"><b>Cechy produktu:<\/b><b><\/b><\/p>\n<p class=\"p4\">\u2022 Zawiera grafenowe \u017cywice ceramiczne<\/p>\n<p class=\"p4\">\u2022 \u0141atwa aplikacja \u2013 spryskaj i przetrzyj<\/p>\n<p class=\"p4\">\u2022 Nadaje g\u0142\u0119bi\u0119, po\u0142ysk, \u015blisko\u015b\u0107 i klarowno\u015b\u0107 powierzchni<\/p>\n<p class=\"p4\">\u2022 Skutecznie usuwa brud, kurz, t\u0142uszcz, osady i inne zanieczyszczenia<\/p>\n<p class=\"p4\">\u2022 Smaruje powierzchni\u0119 bez rozmazywania, smug i zarysowa\u0144<\/p>\n<p class=\"p4\">\u2022 Pozostawia trwa\u0142\u0105 warstw\u0119 ochronn\u0105 nawet na 90 dni<\/p>\n<p class=\"p4\">\u2022 Odpowiedni do wszystkich powierzchni \u2013 zabezpieczonych i niezabezpieczonych<\/p>\n<p class=\"p4\">\u2022 Zapach \u015bliwki<\/p>","protected":false},"featured_media":2449,"comment_status":"open","ping_status":"closed","template":"","meta":[],"product_brand":[],"product_cat":[47,40,42],"product_tag":[],"class_list":{"0":"post-2447","1":"product","2":"type-product","3":"status-publish","4":"has-post-thumbnail","6":"product_cat-graphene","7":"product_cat-wszystkie-produkty","8":"product_cat-zewnetrzne","10":"first","11":"instock","12":"taxable","13":"shipping-taxable","14":"purchasable","15":"product-type-simple"},"bundled_by":[],"bundle_stock_status":"instock","bundle_stock_quantity":44,"bundle_virtual":false,"bundle_layout":"","bundle_add_to_cart_form_location":"","bundle_editable_in_cart":false,"bundle_sold_individually_context":"","bundle_item_grouping":"","bundle_min_size":"","bundle_max_size":"","bundle_price":[],"bundled_items":[],"bundle_sell_ids":[],"jetpack_sharing_enabled":true,"_links":{"self":[{"href":"https:\/\/adamspolishes.pl\/lv\/wp-json\/wp\/v2\/product\/2447","targetHints":{"allow":["GET"]}}],"collection":[{"href":"https:\/\/adamspolishes.pl\/lv\/wp-json\/wp\/v2\/product"}],"about":[{"href":"https:\/\/adamspolishes.pl\/lv\/wp-json\/wp\/v2\/types\/product"}],"replies":[{"embeddable":true,"href":"https:\/\/adamspolishes.pl\/lv\/wp-json\/wp\/v2\/comments?post=2447"}],"wp:featuredmedia":[{"embeddable":true,"href":"https:\/\/adamspolishes.pl\/lv\/wp-json\/wp\/v2\/media\/2449"}],"wp:attachment":[{"href":"https:\/\/adamspolishes.pl\/lv\/wp-json\/wp\/v2\/media?parent=2447"}],"wp:term":[{"taxonomy":"product_brand","embeddable":true,"href":"https:\/\/adamspolishes.pl\/lv\/wp-json\/wp\/v2\/product_brand?post=2447"},{"taxonomy":"product_cat","embeddable":true,"href":"https:\/\/adamspolishes.pl\/lv\/wp-json\/wp\/v2\/product_cat?post=2447"},{"taxonomy":"product_tag","embeddable":true,"href":"https:\/\/adamspolishes.pl\/lv\/wp-json\/wp\/v2\/product_tag?post=2447"}],"curies":[{"name":"wp","href":"https:\/\/api.w.org\/{rel}","templated":true}]}}