{"id":2496,"date":"2025-04-29T08:29:57","date_gmt":"2025-04-29T08:29:57","guid":{"rendered":"https:\/\/adamspolishes.pl\/?post_type=product&#038;p=2496"},"modified":"2025-08-07T09:04:40","modified_gmt":"2025-08-07T09:04:40","slug":"adams-graphene-shampoo-18-9-l","status":"publish","type":"product","link":"https:\/\/adamspolishes.pl\/lv\/p\/adams-graphene-shampoo-18-9-l\/","title":{"rendered":"Adam&#8217;s Graphene Shampoo 18.9 l"},"content":{"rendered":"","protected":false},"excerpt":{"rendered":"<p class=\"p1\"><span class=\"s1\"><b>Graphene Shampoo\u2122<\/b><\/span> to wszechstronne rozwi\u0105zanie \u0142\u0105cz\u0105ce pianowy odt\u0142uszczacz i szampon, kt\u00f3re skutecznie usuwa uporczywe zanieczyszczenia, nie naruszaj\u0105c istniej\u0105cej pow\u0142oki, sealantu ani wosku!<\/p>\n<p class=\"p1\">Ta odmiana tradycyjnego szamponu pianowego \u0142\u0105czy starannie dobrane, wysoko pieni\u0105ce si\u0119 surfaktanty oraz odt\u0142uszczacze na bazie cytrus\u00f3w, tworz\u0105c produkt, kt\u00f3ry z \u0142atwo\u015bci\u0105 usuwa wszelkiego rodzaju zabrudzenia drogowe i osady.<\/p>\n<p class=\"p3\"><b>Cechy produktu:<\/b><b><\/b><\/p>\n<p class=\"p4\">\u2022 Zawiera grafenowe \u017cywice ceramiczne<\/p>\n<p class=\"p4\">\u2022 Pomaga utrzyma\u0107 i od\u015bwie\u017cy\u0107 pow\u0142oki grafenowe i ceramiczne<\/p>\n<p class=\"p4\">\u2022 Wysoce skoncentrowana, niskolepka, \u0142atwo sp\u0142ukuj\u0105ca si\u0119 formu\u0142a<\/p>\n<p class=\"p4\">\u2022 Skuteczniej usuwa zabrudzenia drogowe i osady<\/p>\n<p class=\"p4\">\u2022 pH 8\u20139<\/p>\n<p class=\"p4\">\u2022 Dymny kolor i \u015bwie\u017cy, cytrusowy zapach<\/p>\n<p>&nbsp;<\/p>","protected":false},"featured_media":2497,"comment_status":"open","ping_status":"closed","template":"","meta":[],"product_brand":[],"product_cat":[47,40,42],"product_tag":[],"class_list":{"0":"post-2496","1":"product","2":"type-product","3":"status-publish","4":"has-post-thumbnail","6":"product_cat-graphene","7":"product_cat-wszystkie-produkty","8":"product_cat-zewnetrzne","10":"first","11":"instock","12":"taxable","13":"shipping-taxable","14":"purchasable","15":"product-type-simple"},"bundled_by":[],"bundle_stock_status":"instock","bundle_stock_quantity":2,"bundle_virtual":false,"bundle_layout":"","bundle_add_to_cart_form_location":"","bundle_editable_in_cart":false,"bundle_sold_individually_context":"","bundle_item_grouping":"","bundle_min_size":"","bundle_max_size":"","bundle_price":[],"bundled_items":[],"bundle_sell_ids":[],"jetpack_sharing_enabled":true,"_links":{"self":[{"href":"https:\/\/adamspolishes.pl\/lv\/wp-json\/wp\/v2\/product\/2496","targetHints":{"allow":["GET"]}}],"collection":[{"href":"https:\/\/adamspolishes.pl\/lv\/wp-json\/wp\/v2\/product"}],"about":[{"href":"https:\/\/adamspolishes.pl\/lv\/wp-json\/wp\/v2\/types\/product"}],"replies":[{"embeddable":true,"href":"https:\/\/adamspolishes.pl\/lv\/wp-json\/wp\/v2\/comments?post=2496"}],"wp:featuredmedia":[{"embeddable":true,"href":"https:\/\/adamspolishes.pl\/lv\/wp-json\/wp\/v2\/media\/2497"}],"wp:attachment":[{"href":"https:\/\/adamspolishes.pl\/lv\/wp-json\/wp\/v2\/media?parent=2496"}],"wp:term":[{"taxonomy":"product_brand","embeddable":true,"href":"https:\/\/adamspolishes.pl\/lv\/wp-json\/wp\/v2\/product_brand?post=2496"},{"taxonomy":"product_cat","embeddable":true,"href":"https:\/\/adamspolishes.pl\/lv\/wp-json\/wp\/v2\/product_cat?post=2496"},{"taxonomy":"product_tag","embeddable":true,"href":"https:\/\/adamspolishes.pl\/lv\/wp-json\/wp\/v2\/product_tag?post=2496"}],"curies":[{"name":"wp","href":"https:\/\/api.w.org\/{rel}","templated":true}]}}